{"id":4792,"date":"2024-05-27T23:06:29","date_gmt":"2024-05-28T02:06:29","guid":{"rendered":"https:\/\/bceduca.com.br\/site\/?page_id=4792"},"modified":"2024-08-13T22:12:47","modified_gmt":"2024-08-14T01:12:47","slug":"matematica-do-zero","status":"publish","type":"page","link":"https:\/\/bceduca.com.br\/site\/matematica-do-zero\/","title":{"rendered":"Matem\u00e1tica do Zero"},"content":{"rendered":"\t\t<div data-elementor-type=\"wp-page\" data-elementor-id=\"4792\" class=\"elementor elementor-4792\" data-elementor-post-type=\"page\">\n\t\t\t\t\t\t\t\t\t<section class=\"has_eae_slider elementor-section elementor-top-section elementor-element elementor-element-78795f58 elementor-section-full_width elementor-section-height-default elementor-section-height-default\" data-id=\"78795f58\" data-element_type=\"section\" data-settings=\"{&quot;_ha_eqh_enable&quot;:false}\">\n\t\t\t\t\t\t<div class=\"elementor-container elementor-column-gap-extended\">\n\t\t\t\t\t<div class=\"has_eae_slider elementor-column elementor-col-100 elementor-top-column elementor-element elementor-element-13708581 sc_layouts_column_icons_position_left\" data-id=\"13708581\" data-element_type=\"column\">\n\t\t\t<div class=\"elementor-widget-wrap elementor-element-populated\">\n\t\t\t\t\t\t\t\t<div class=\"elementor-element elementor-element-688dae00 elementor-widget__width-initial sc_fly_static elementor-widget elementor-widget-trx_sc_title\" data-id=\"688dae00\" data-element_type=\"widget\" data-widget_type=\"trx_sc_title.default\">\n\t\t\t\t<div class=\"elementor-widget-container\">\n\t\t\t<div id=\"trx_sc_title_903982718\"\n\t\tclass=\"sc_title sc_title_default\"><span class=\"sc_item_subtitle sc_title_subtitle sc_item_subtitle_above sc_item_title_style_default\">Curso<\/span><h2 class=\"sc_item_title sc_title_title sc_item_title_style_default\"><span class=\"sc_item_title_text\">Nivelamento em Matem\u00e1tica<\/span><\/h2><div class=\"sc_item_descr sc_title_descr\"><\/div><\/div><!-- \/.sc_title -->\t\t<\/div>\n\t\t\t\t<\/div>\n\t\t\t\t<div class=\"elementor-element elementor-element-37e85f63 sc_fly_static elementor-widget elementor-widget-spacer\" data-id=\"37e85f63\" data-element_type=\"widget\" data-widget_type=\"spacer.default\">\n\t\t\t\t<div class=\"elementor-widget-container\">\n\t\t\t\t\t<div class=\"elementor-spacer\">\n\t\t\t<div class=\"elementor-spacer-inner\"><\/div>\n\t\t<\/div>\n\t\t\t\t<\/div>\n\t\t\t\t<\/div>\n\t\t\t\t<div class=\"elementor-element elementor-element-24ad7ffe sc_fly_static elementor-widget elementor-widget-text-editor\" data-id=\"24ad7ffe\" data-element_type=\"widget\" data-widget_type=\"text-editor.default\">\n\t\t\t\t<div class=\"elementor-widget-container\">\n\t\t\t\t\t\t\t\t\t\t\t\t\t<\/div>\n\t\t\t\t<\/div>\n\t\t\t\t\t<\/div>\n\t\t<\/div>\n\t\t\t\t\t\t\t<\/div>\n\t\t<\/section>\n\t\t\t\t<section class=\"has_eae_slider elementor-section elementor-top-section elementor-element elementor-element-48166417 elementor-section-boxed elementor-section-height-default elementor-section-height-default\" data-id=\"48166417\" data-element_type=\"section\" data-settings=\"{&quot;_ha_eqh_enable&quot;:false}\">\n\t\t\t\t\t\t<div class=\"elementor-container elementor-column-gap-extended\">\n\t\t\t\t\t<div class=\"has_eae_slider elementor-column elementor-col-50 elementor-top-column elementor-element elementor-element-26a32105 sc_layouts_column_icons_position_left\" data-id=\"26a32105\" data-element_type=\"column\">\n\t\t\t<div class=\"elementor-widget-wrap elementor-element-populated\">\n\t\t\t\t\t\t\t\t<div class=\"elementor-element elementor-element-1086c50d sc_fly_static elementor-widget elementor-widget-text-editor\" data-id=\"1086c50d\" data-element_type=\"widget\" data-widget_type=\"text-editor.default\">\n\t\t\t\t<div class=\"elementor-widget-container\">\n\t\t\t\t\t\t\t<p>Este curso foi especialmente desenvolvido para aqueles que desejam iniciar sua jornada no mundo da matem\u00e1tica ou que sentem a necessidade de refor\u00e7ar os conceitos b\u00e1sicos antes de avan\u00e7ar para t\u00f3picos mais complexos. Nossa miss\u00e3o \u00e9 fornecer uma base s\u00f3lida e clara para que voc\u00ea se sinta confiante ao lidar com problemas matem\u00e1ticos no dia a dia e em contextos acad\u00eamicos.<\/p><p><strong>Local<\/strong>: Rua Miguel Braga, 290, Vila Guilhermina.<\/p><p><strong>Hor\u00e1rio<\/strong>: 6\u00aas Feiras \u00e0s 19h at\u00e9 20h 40.<\/p><p><strong>Professor<\/strong>: Antenor<\/p>\t\t\t\t\t\t<\/div>\n\t\t\t\t<\/div>\n\t\t\t\t\t<\/div>\n\t\t<\/div>\n\t\t\t\t<div class=\"has_eae_slider elementor-column elementor-col-50 elementor-top-column elementor-element elementor-element-14432abf sc_layouts_column_icons_position_left\" data-id=\"14432abf\" data-element_type=\"column\">\n\t\t\t<div class=\"elementor-widget-wrap elementor-element-populated\">\n\t\t\t\t\t\t\t\t<div class=\"elementor-element elementor-element-6da3b7ae elementor-widget-mobile__width-inherit sc_fly_static elementor-widget elementor-widget-image\" data-id=\"6da3b7ae\" data-element_type=\"widget\" data-widget_type=\"image.default\">\n\t\t\t\t<div class=\"elementor-widget-container\">\n\t\t\t\t\t\t\t\t\t\t\t\t\t\t\t<img fetchpriority=\"high\" decoding=\"async\" width=\"1024\" height=\"576\" src=\"https:\/\/bceduca.com.br\/site\/wp-content\/uploads\/2024\/05\/nivelamento-matematica-concursos-1024x576.jpg\" class=\"attachment-large size-large wp-image-4589\" alt=\"\" srcset=\"https:\/\/bceduca.com.br\/site\/wp-content\/uploads\/2024\/05\/nivelamento-matematica-concursos-1024x576.jpg 1024w, https:\/\/bceduca.com.br\/site\/wp-content\/uploads\/2024\/05\/nivelamento-matematica-concursos-300x169.jpg 300w, https:\/\/bceduca.com.br\/site\/wp-content\/uploads\/2024\/05\/nivelamento-matematica-concursos-768x432.jpg 768w, https:\/\/bceduca.com.br\/site\/wp-content\/uploads\/2024\/05\/nivelamento-matematica-concursos-370x208.jpg 370w, https:\/\/bceduca.com.br\/site\/wp-content\/uploads\/2024\/05\/nivelamento-matematica-concursos-760x428.jpg 760w, https:\/\/bceduca.com.br\/site\/wp-content\/uploads\/2024\/05\/nivelamento-matematica-concursos.jpg 1080w\" sizes=\"(max-width: 1024px) 100vw, 1024px\" \/>\t\t\t\t\t\t\t\t\t\t\t\t\t\t\t<\/div>\n\t\t\t\t<\/div>\n\t\t\t\t\t<\/div>\n\t\t<\/div>\n\t\t\t\t\t\t\t<\/div>\n\t\t<\/section>\n\t\t\t\t<section class=\"has_eae_slider elementor-section elementor-top-section elementor-element elementor-element-7cda91e9 elementor-section-boxed elementor-section-height-default elementor-section-height-default\" data-id=\"7cda91e9\" data-element_type=\"section\" data-settings=\"{&quot;_ha_eqh_enable&quot;:false}\">\n\t\t\t\t\t\t<div class=\"elementor-container elementor-column-gap-extended\">\n\t\t\t\t\t<div class=\"has_eae_slider elementor-column elementor-col-100 elementor-top-column elementor-element elementor-element-5901353f sc_layouts_column_icons_position_left\" data-id=\"5901353f\" data-element_type=\"column\">\n\t\t\t<div class=\"elementor-widget-wrap elementor-element-populated\">\n\t\t\t\t\t\t\t\t<div class=\"elementor-element elementor-element-1870b7a8 sc_fly_static elementor-widget elementor-widget-spacer\" data-id=\"1870b7a8\" data-element_type=\"widget\" data-widget_type=\"spacer.default\">\n\t\t\t\t<div class=\"elementor-widget-container\">\n\t\t\t\t\t<div class=\"elementor-spacer\">\n\t\t\t<div class=\"elementor-spacer-inner\"><\/div>\n\t\t<\/div>\n\t\t\t\t<\/div>\n\t\t\t\t<\/div>\n\t\t\t\t<div class=\"elementor-element elementor-element-8890603 sc_fly_static elementor-widget elementor-widget-trx_sc_title\" data-id=\"8890603\" data-element_type=\"widget\" data-widget_type=\"trx_sc_title.default\">\n\t\t\t\t<div class=\"elementor-widget-container\">\n\t\t\t<div id=\"trx_sc_title_2890390\"\n\t\tclass=\"sc_title sc_title_default\"><span class=\"sc_item_subtitle sc_title_subtitle sc_item_subtitle_above sc_item_title_style_default\">Est\u00e1 com d\u00favidas?<\/span><h2 class=\"sc_item_title sc_title_title sc_item_title_style_default\"><span class=\"sc_item_title_text\">O que voc\u00ea vai aprender<\/span><\/h2><div class=\"sc_item_descr sc_title_descr\"><\/div><\/div><!-- \/.sc_title -->\t\t<\/div>\n\t\t\t\t<\/div>\n\t\t\t\t<div class=\"elementor-element elementor-element-67ecd9bf sc_fly_static elementor-widget elementor-widget-text-editor\" data-id=\"67ecd9bf\" data-element_type=\"widget\" data-widget_type=\"text-editor.default\">\n\t\t\t\t<div class=\"elementor-widget-container\">\n\t\t\t\t\t\t\t<p>\u2714\ufe0f N\u00fameros e Opera\u00e7\u00f5es B\u00e1sicas<\/p><p>Introdu\u00e7\u00e3o aos n\u00fameros naturais, inteiros, racionais e reais.<\/p><p>\u2714\ufe0fOpera\u00e7\u00f5es fundamentais: adi\u00e7\u00e3o, subtra\u00e7\u00e3o, multiplica\u00e7\u00e3o e divis\u00e3o.<\/p><p>\u2714\ufe0f Potencia\u00e7\u00e3o e radicia\u00e7\u00e3o;<\/p><p>\u2714\ufe0f Opera\u00e7\u00f5es com fra\u00e7\u00f5es: simplifica\u00e7\u00e3o, adi\u00e7\u00e3o, subtra\u00e7\u00e3o, multiplica\u00e7\u00e3o e divis\u00e3o. Conceito de fra\u00e7\u00e3o e representa\u00e7\u00e3o. Convers\u00e3o entre fra\u00e7\u00f5es e n\u00fameros decimais.<\/p><p>\u2714\ufe0f M\u00ednimo m\u00faltiplo comum e M\u00e1ximo divisor comum;<\/p><p>\u2714\ufe0fGrandezas proporcionais;<\/p><p>\u2714\ufe0fRegra de tr\u00eas direta e inversa;<\/p><p>\u2714\ufe0fPorcentagem.<\/p>\t\t\t\t\t\t<\/div>\n\t\t\t\t<\/div>\n\t\t\t\t<div class=\"elementor-element elementor-element-722bd145 sc_fly_static elementor-widget elementor-widget-spacer\" data-id=\"722bd145\" data-element_type=\"widget\" data-widget_type=\"spacer.default\">\n\t\t\t\t<div class=\"elementor-widget-container\">\n\t\t\t\t\t<div class=\"elementor-spacer\">\n\t\t\t<div class=\"elementor-spacer-inner\"><\/div>\n\t\t<\/div>\n\t\t\t\t<\/div>\n\t\t\t\t<\/div>\n\t\t\t\t<div class=\"elementor-element elementor-element-334479cb sc_fly_static elementor-widget elementor-widget-trx_sc_title\" data-id=\"334479cb\" data-element_type=\"widget\" data-widget_type=\"trx_sc_title.default\">\n\t\t\t\t<div class=\"elementor-widget-container\">\n\t\t\t<div id=\"trx_sc_title_247105970\"\n\t\tclass=\"sc_title sc_title_default\"><span class=\"sc_item_subtitle sc_title_subtitle sc_item_subtitle_above sc_item_title_style_default\"> <\/span><h2 class=\"sc_item_title sc_title_title sc_item_title_style_default\"><span class=\"sc_item_title_text\">Metodologia<\/span><\/h2><div class=\"sc_item_descr sc_title_descr\"><\/div><\/div><!-- \/.sc_title -->\t\t<\/div>\n\t\t\t\t<\/div>\n\t\t\t\t<div class=\"elementor-element elementor-element-482f78e5 sc_fly_static elementor-widget elementor-widget-text-editor\" data-id=\"482f78e5\" data-element_type=\"widget\" data-widget_type=\"text-editor.default\">\n\t\t\t\t<div class=\"elementor-widget-container\">\n\t\t\t\t\t\t\t<p>Nosso curso \u00e9 estruturado de forma progressiva, garantindo que cada conceito seja compreendido antes de avan\u00e7armos para o pr\u00f3ximo. Cada m\u00f3dulo \u00e9 composto por aulas te\u00f3ricas, exemplos pr\u00e1ticos e exerc\u00edcios para refor\u00e7ar o aprendizado.<\/p>\t\t\t\t\t\t<\/div>\n\t\t\t\t<\/div>\n\t\t\t\t<div class=\"elementor-element elementor-element-43edf5e3 sc_fly_static elementor-widget elementor-widget-spacer\" data-id=\"43edf5e3\" data-element_type=\"widget\" data-widget_type=\"spacer.default\">\n\t\t\t\t<div class=\"elementor-widget-container\">\n\t\t\t\t\t<div class=\"elementor-spacer\">\n\t\t\t<div class=\"elementor-spacer-inner\"><\/div>\n\t\t<\/div>\n\t\t\t\t<\/div>\n\t\t\t\t<\/div>\n\t\t\t\t<div class=\"elementor-element elementor-element-5deb6101 sc_fly_static elementor-widget elementor-widget-trx_sc_title\" data-id=\"5deb6101\" data-element_type=\"widget\" data-widget_type=\"trx_sc_title.default\">\n\t\t\t\t<div class=\"elementor-widget-container\">\n\t\t\t<div id=\"trx_sc_title_705194621\"\n\t\tclass=\"sc_title sc_title_default\"><span class=\"sc_item_subtitle sc_title_subtitle sc_item_subtitle_above sc_item_title_style_default\"> <\/span><h2 class=\"sc_item_title sc_title_title sc_item_title_style_default\"><span class=\"sc_item_title_text\">Para quem \u00e9 este curso?<\/span><\/h2><div class=\"sc_item_descr sc_title_descr\"><\/div><\/div><!-- \/.sc_title -->\t\t<\/div>\n\t\t\t\t<\/div>\n\t\t\t\t<div class=\"elementor-element elementor-element-158cb638 sc_fly_static elementor-widget elementor-widget-text-editor\" data-id=\"158cb638\" data-element_type=\"widget\" data-widget_type=\"text-editor.default\">\n\t\t\t\t<div class=\"elementor-widget-container\">\n\t\t\t\t\t\t\t<p>\u2714\ufe0fEstudantes que desejam refor\u00e7ar seus conhecimentos matem\u00e1ticos<br \/>\u2714\ufe0fAdultos que precisam de uma base s\u00f3lida para o concurso da prefeitura de Montes Claros;<\/p>\t\t\t\t\t\t<\/div>\n\t\t\t\t<\/div>\n\t\t\t\t<div class=\"elementor-element elementor-element-668c67df sc_fly_static elementor-widget elementor-widget-spacer\" data-id=\"668c67df\" data-element_type=\"widget\" data-widget_type=\"spacer.default\">\n\t\t\t\t<div class=\"elementor-widget-container\">\n\t\t\t\t\t<div class=\"elementor-spacer\">\n\t\t\t<div class=\"elementor-spacer-inner\"><\/div>\n\t\t<\/div>\n\t\t\t\t<\/div>\n\t\t\t\t<\/div>\n\t\t\t\t\t<\/div>\n\t\t<\/div>\n\t\t\t\t\t\t\t<\/div>\n\t\t<\/section>\n\t\t\t\t<section class=\"has_eae_slider elementor-section elementor-top-section elementor-element elementor-element-5c69ebf2 elementor-section-boxed elementor-section-height-default elementor-section-height-default\" data-id=\"5c69ebf2\" data-element_type=\"section\" data-settings=\"{&quot;_ha_eqh_enable&quot;:false}\">\n\t\t\t\t\t\t<div class=\"elementor-container elementor-column-gap-extended\">\n\t\t\t\t\t<div class=\"has_eae_slider elementor-column elementor-col-100 elementor-top-column elementor-element elementor-element-647bc8fe sc_layouts_column_icons_position_left\" data-id=\"647bc8fe\" data-element_type=\"column\">\n\t\t\t<div class=\"elementor-widget-wrap elementor-element-populated\">\n\t\t\t\t\t\t\t\t<div class=\"elementor-element elementor-element-6c6b2f77 sc_fly_static elementor-widget elementor-widget-spacer\" data-id=\"6c6b2f77\" data-element_type=\"widget\" data-widget_type=\"spacer.default\">\n\t\t\t\t<div class=\"elementor-widget-container\">\n\t\t\t\t\t<div class=\"elementor-spacer\">\n\t\t\t<div class=\"elementor-spacer-inner\"><\/div>\n\t\t<\/div>\n\t\t\t\t<\/div>\n\t\t\t\t<\/div>\n\t\t\t\t<div class=\"elementor-element elementor-element-6b7a903f sc_fly_static elementor-widget elementor-widget-trx_sc_title\" data-id=\"6b7a903f\" data-element_type=\"widget\" data-widget_type=\"trx_sc_title.default\">\n\t\t\t\t<div class=\"elementor-widget-container\">\n\t\t\t<div id=\"trx_sc_title_721398191\"\n\t\tclass=\"sc_title sc_title_default\"><span class=\"sc_item_subtitle sc_title_subtitle sc_item_subtitle_above sc_item_title_style_default\">D\u00ea um passo em dire\u00e7\u00e3o a sua aprova\u00e7\u00e3o<\/span><h2 class=\"sc_item_title sc_title_title sc_item_title_style_default\"><span class=\"sc_item_title_text\">Fale conosco e garanta sua vaga<\/span><\/h2><div class=\"sc_item_descr sc_title_descr\"><\/div><\/div><!-- \/.sc_title -->\t\t<\/div>\n\t\t\t\t<\/div>\n\t\t\t\t<div class=\"elementor-element elementor-element-2f56a7ae sc_fly_static elementor-widget elementor-widget-spacer\" data-id=\"2f56a7ae\" data-element_type=\"widget\" data-widget_type=\"spacer.default\">\n\t\t\t\t<div class=\"elementor-widget-container\">\n\t\t\t\t\t<div class=\"elementor-spacer\">\n\t\t\t<div class=\"elementor-spacer-inner\"><\/div>\n\t\t<\/div>\n\t\t\t\t<\/div>\n\t\t\t\t<\/div>\n\t\t\t\t<div class=\"elementor-element elementor-element-11674960 scheme_default sc_fly_static elementor-widget elementor-widget-trx_sc_button\" data-id=\"11674960\" data-element_type=\"widget\" data-widget_type=\"trx_sc_button.default\">\n\t\t\t\t<div class=\"elementor-widget-container\">\n\t\t\t<div class=\"sc_item_button sc_button_wrap sc_align_center\"><a href=\"https:\/\/wa.me\/5538997257044?text=Ol%C3%A1%2C+tenho+interesse+em+saber+mais+sobre+o+curso+de+Matem%C3%A1tica+do+Zero\" id=\"trx_sc_button_1236346070\" class=\"sc_button sc_button_simple sc_button_size_large sc_button_with_icon sc_button_icon_left\"><span class=\"sc_button_icon\"><span class=\"icon-phone\"><\/span><\/span><span class=\"sc_button_text sc_align_center\"><span class=\"sc_button_title\">Falar via whatsapp<\/span><\/span><!-- \/.sc_button_text --><\/a><!-- \/.sc_button --><\/div><!-- \/.sc_item_button -->\t\t<\/div>\n\t\t\t\t<\/div>\n\t\t\t\t<div class=\"elementor-element elementor-element-9eb0592 sc_fly_static elementor-widget elementor-widget-spacer\" data-id=\"9eb0592\" data-element_type=\"widget\" data-widget_type=\"spacer.default\">\n\t\t\t\t<div class=\"elementor-widget-container\">\n\t\t\t\t\t<div class=\"elementor-spacer\">\n\t\t\t<div class=\"elementor-spacer-inner\"><\/div>\n\t\t<\/div>\n\t\t\t\t<\/div>\n\t\t\t\t<\/div>\n\t\t\t\t\t<\/div>\n\t\t<\/div>\n\t\t\t\t\t\t\t<\/div>\n\t\t<\/section>\n\t\t\t\t\t\t\t<\/div>\n\t\t","protected":false},"excerpt":{"rendered":"<p>Curso Nivelamento em Matem\u00e1tica Este curso foi especialmente desenvolvido para aqueles que desejam iniciar sua jornada no mundo da matem\u00e1tica&hellip;<\/p>\n","protected":false},"author":1,"featured_media":0,"parent":0,"menu_order":0,"comment_status":"closed","ping_status":"closed","template":"","meta":{"footnotes":"","_joinchat":[]},"_links":{"self":[{"href":"https:\/\/bceduca.com.br\/site\/wp-json\/wp\/v2\/pages\/4792"}],"collection":[{"href":"https:\/\/bceduca.com.br\/site\/wp-json\/wp\/v2\/pages"}],"about":[{"href":"https:\/\/bceduca.com.br\/site\/wp-json\/wp\/v2\/types\/page"}],"author":[{"embeddable":true,"href":"https:\/\/bceduca.com.br\/site\/wp-json\/wp\/v2\/users\/1"}],"replies":[{"embeddable":true,"href":"https:\/\/bceduca.com.br\/site\/wp-json\/wp\/v2\/comments?post=4792"}],"version-history":[{"count":29,"href":"https:\/\/bceduca.com.br\/site\/wp-json\/wp\/v2\/pages\/4792\/revisions"}],"predecessor-version":[{"id":5178,"href":"https:\/\/bceduca.com.br\/site\/wp-json\/wp\/v2\/pages\/4792\/revisions\/5178"}],"wp:attachment":[{"href":"https:\/\/bceduca.com.br\/site\/wp-json\/wp\/v2\/media?parent=4792"}],"curies":[{"name":"wp","href":"https:\/\/api.w.org\/{rel}","templated":true}]}}