{"id":4716,"date":"2024-05-27T20:34:30","date_gmt":"2024-05-27T23:34:30","guid":{"rendered":"https:\/\/bceduca.com.br\/site\/?page_id=4716"},"modified":"2024-05-31T10:49:07","modified_gmt":"2024-05-31T13:49:07","slug":"mentoria","status":"publish","type":"page","link":"https:\/\/bceduca.com.br\/site\/mentoria\/","title":{"rendered":"Mentoria"},"content":{"rendered":"\t\t<div data-elementor-type=\"wp-page\" data-elementor-id=\"4716\" class=\"elementor elementor-4716\" data-elementor-post-type=\"page\">\n\t\t\t\t\t\t\t\t\t<section class=\"has_eae_slider elementor-section elementor-top-section elementor-element elementor-element-235ffd8b elementor-section-full_width elementor-section-height-default elementor-section-height-default\" data-id=\"235ffd8b\" data-element_type=\"section\" data-settings=\"{&quot;_ha_eqh_enable&quot;:false}\">\n\t\t\t\t\t\t<div class=\"elementor-container elementor-column-gap-extended\">\n\t\t\t\t\t<div class=\"has_eae_slider elementor-column elementor-col-100 elementor-top-column elementor-element elementor-element-373abebd sc_layouts_column_icons_position_left\" data-id=\"373abebd\" data-element_type=\"column\">\n\t\t\t<div class=\"elementor-widget-wrap elementor-element-populated\">\n\t\t\t\t\t\t\t\t<div class=\"elementor-element elementor-element-2fc162d9 elementor-widget__width-initial sc_fly_static elementor-widget elementor-widget-trx_sc_title\" data-id=\"2fc162d9\" data-element_type=\"widget\" data-widget_type=\"trx_sc_title.default\">\n\t\t\t\t<div class=\"elementor-widget-container\">\n\t\t\t<div id=\"trx_sc_title_541576026\"\n\t\tclass=\"sc_title sc_title_default\"><span class=\"sc_item_subtitle sc_title_subtitle sc_item_subtitle_above sc_item_title_style_default\">nossa mentoria<\/span><h2 class=\"sc_item_title sc_title_title sc_item_title_style_default\"><span class=\"sc_item_title_text\">Mentoria personalizada da BC CONCURSOS<\/span><\/h2><div class=\"sc_item_descr sc_title_descr\"><\/div><\/div><!-- \/.sc_title -->\t\t<\/div>\n\t\t\t\t<\/div>\n\t\t\t\t<div class=\"elementor-element elementor-element-6ee15b6d sc_fly_static elementor-widget elementor-widget-spacer\" data-id=\"6ee15b6d\" data-element_type=\"widget\" data-widget_type=\"spacer.default\">\n\t\t\t\t<div class=\"elementor-widget-container\">\n\t\t\t\t\t<div class=\"elementor-spacer\">\n\t\t\t<div class=\"elementor-spacer-inner\"><\/div>\n\t\t<\/div>\n\t\t\t\t<\/div>\n\t\t\t\t<\/div>\n\t\t\t\t<div class=\"elementor-element elementor-element-17418f3a sc_fly_static elementor-widget elementor-widget-text-editor\" data-id=\"17418f3a\" data-element_type=\"widget\" data-widget_type=\"text-editor.default\">\n\t\t\t\t<div class=\"elementor-widget-container\">\n\t\t\t\t\t\t\t\t\t\t\t\t\t<\/div>\n\t\t\t\t<\/div>\n\t\t\t\t\t<\/div>\n\t\t<\/div>\n\t\t\t\t\t\t\t<\/div>\n\t\t<\/section>\n\t\t\t\t<section class=\"has_eae_slider elementor-section elementor-top-section elementor-element elementor-element-6ac7122d elementor-section-boxed elementor-section-height-default elementor-section-height-default\" data-id=\"6ac7122d\" data-element_type=\"section\" data-settings=\"{&quot;_ha_eqh_enable&quot;:false}\">\n\t\t\t\t\t\t<div class=\"elementor-container elementor-column-gap-extended\">\n\t\t\t\t\t<div class=\"has_eae_slider elementor-column elementor-col-50 elementor-top-column elementor-element elementor-element-4d0026f sc_layouts_column_icons_position_left\" data-id=\"4d0026f\" data-element_type=\"column\">\n\t\t\t<div class=\"elementor-widget-wrap elementor-element-populated\">\n\t\t\t\t\t\t\t\t<div class=\"elementor-element elementor-element-3902523e sc_fly_static elementor-widget elementor-widget-text-editor\" data-id=\"3902523e\" data-element_type=\"widget\" data-widget_type=\"text-editor.default\">\n\t\t\t\t<div class=\"elementor-widget-container\">\n\t\t\t\t\t\t\t<p><strong>Na BC CONCURSOS entendemos que cada aluno \u00e9 \u00fanico,<\/strong> com suas pr\u00f3prias metas, desafios e ritmo de aprendizado. \u00c9 por isso que oferecemos um servi\u00e7o de mentoria personalizada, projetado para atender \u00e0s necessidades individuais de cada estudante, proporcionando um ambiente de aprendizado focado e eficaz.<\/p><p><strong>O que \u00e9 a Mentoria?<\/strong><\/p><ul><li>A mentoria na BC CONCURSOS \u00e9 um acompanhamento individualizado, no qual nosso mentor se dedica a entender as metas e desafios espec\u00edficos de cada aluno.<\/li><li>Nosso mentor \u00e9 profissional qualificado e comprometido, pronto para oferecer orienta\u00e7\u00e3o personalizada e apoio cont\u00ednuo em todas as etapas do processo de aprendizado.<\/li><\/ul>\t\t\t\t\t\t<\/div>\n\t\t\t\t<\/div>\n\t\t\t\t\t<\/div>\n\t\t<\/div>\n\t\t\t\t<div class=\"has_eae_slider elementor-column elementor-col-50 elementor-top-column elementor-element elementor-element-520f5855 sc_layouts_column_icons_position_left\" data-id=\"520f5855\" data-element_type=\"column\">\n\t\t\t<div class=\"elementor-widget-wrap elementor-element-populated\">\n\t\t\t\t\t\t\t\t<div class=\"elementor-element elementor-element-29a7ace4 elementor-widget-mobile__width-inherit sc_fly_static elementor-widget elementor-widget-image\" data-id=\"29a7ace4\" data-element_type=\"widget\" data-widget_type=\"image.default\">\n\t\t\t\t<div class=\"elementor-widget-container\">\n\t\t\t\t\t\t\t\t\t\t\t\t\t\t\t<img fetchpriority=\"high\" decoding=\"async\" width=\"1024\" height=\"576\" src=\"https:\/\/bceduca.com.br\/site\/wp-content\/uploads\/2024\/05\/mentoria-educacao-1024x576.jpg\" class=\"attachment-large size-large wp-image-4647\" alt=\"\" srcset=\"https:\/\/bceduca.com.br\/site\/wp-content\/uploads\/2024\/05\/mentoria-educacao-1024x576.jpg 1024w, https:\/\/bceduca.com.br\/site\/wp-content\/uploads\/2024\/05\/mentoria-educacao-300x169.jpg 300w, https:\/\/bceduca.com.br\/site\/wp-content\/uploads\/2024\/05\/mentoria-educacao-768x432.jpg 768w, https:\/\/bceduca.com.br\/site\/wp-content\/uploads\/2024\/05\/mentoria-educacao-370x208.jpg 370w, https:\/\/bceduca.com.br\/site\/wp-content\/uploads\/2024\/05\/mentoria-educacao-760x428.jpg 760w, https:\/\/bceduca.com.br\/site\/wp-content\/uploads\/2024\/05\/mentoria-educacao.jpg 1080w\" sizes=\"(max-width: 1024px) 100vw, 1024px\" \/>\t\t\t\t\t\t\t\t\t\t\t\t\t\t\t<\/div>\n\t\t\t\t<\/div>\n\t\t\t\t\t<\/div>\n\t\t<\/div>\n\t\t\t\t\t\t\t<\/div>\n\t\t<\/section>\n\t\t\t\t<section class=\"has_eae_slider elementor-section elementor-top-section elementor-element elementor-element-6df548a3 elementor-section-boxed elementor-section-height-default elementor-section-height-default\" data-id=\"6df548a3\" data-element_type=\"section\" data-settings=\"{&quot;_ha_eqh_enable&quot;:false}\">\n\t\t\t\t\t\t<div class=\"elementor-container elementor-column-gap-extended\">\n\t\t\t\t\t<div class=\"has_eae_slider elementor-column elementor-col-100 elementor-top-column elementor-element elementor-element-42f07d1e sc_layouts_column_icons_position_left\" data-id=\"42f07d1e\" data-element_type=\"column\">\n\t\t\t<div class=\"elementor-widget-wrap elementor-element-populated\">\n\t\t\t\t\t\t\t\t<div class=\"elementor-element elementor-element-7975cf55 sc_fly_static elementor-widget elementor-widget-spacer\" data-id=\"7975cf55\" data-element_type=\"widget\" data-widget_type=\"spacer.default\">\n\t\t\t\t<div class=\"elementor-widget-container\">\n\t\t\t\t\t<div class=\"elementor-spacer\">\n\t\t\t<div class=\"elementor-spacer-inner\"><\/div>\n\t\t<\/div>\n\t\t\t\t<\/div>\n\t\t\t\t<\/div>\n\t\t\t\t<div class=\"elementor-element elementor-element-179de0eb sc_fly_static elementor-widget elementor-widget-trx_sc_title\" data-id=\"179de0eb\" data-element_type=\"widget\" data-widget_type=\"trx_sc_title.default\">\n\t\t\t\t<div class=\"elementor-widget-container\">\n\t\t\t<div id=\"trx_sc_title_1976313031\"\n\t\tclass=\"sc_title sc_title_default\"><span class=\"sc_item_subtitle sc_title_subtitle sc_item_subtitle_above sc_item_title_style_default\">Est\u00e1 com d\u00favidas?<\/span><h2 class=\"sc_item_title sc_title_title sc_item_title_style_default\"><span class=\"sc_item_title_text\">Como Funciona<\/span><\/h2><div class=\"sc_item_descr sc_title_descr\"><\/div><\/div><!-- \/.sc_title -->\t\t<\/div>\n\t\t\t\t<\/div>\n\t\t\t\t<div class=\"elementor-element elementor-element-d145971 sc_fly_static elementor-widget elementor-widget-toggle\" data-id=\"d145971\" data-element_type=\"widget\" data-widget_type=\"toggle.default\">\n\t\t\t\t<div class=\"elementor-widget-container\">\n\t\t\t\t\t<div class=\"elementor-toggle\">\n\t\t\t\t\t\t\t<div class=\"elementor-toggle-item\">\n\t\t\t\t\t<div id=\"elementor-tab-title-2191\" class=\"elementor-tab-title\" data-tab=\"1\" role=\"button\" aria-controls=\"elementor-tab-content-2191\" aria-expanded=\"false\">\n\t\t\t\t\t\t\t\t\t\t\t\t<span class=\"elementor-toggle-icon elementor-toggle-icon-left\" aria-hidden=\"true\">\n\t\t\t\t\t\t\t\t\t\t\t\t\t\t\t<span class=\"elementor-toggle-icon-closed\"><i class=\"fas fa-caret-right\"><\/i><\/span>\n\t\t\t\t\t\t\t\t<span class=\"elementor-toggle-icon-opened\"><i class=\"elementor-toggle-icon-opened fas fa-caret-up\"><\/i><\/span>\n\t\t\t\t\t\t\t\t\t\t\t\t\t<\/span>\n\t\t\t\t\t\t\t\t\t\t\t\t<a class=\"elementor-toggle-title\" tabindex=\"0\">Consulta Inicial<\/a>\n\t\t\t\t\t<\/div>\n\n\t\t\t\t\t<div id=\"elementor-tab-content-2191\" class=\"elementor-tab-content elementor-clearfix\" data-tab=\"1\" role=\"region\" aria-labelledby=\"elementor-tab-title-2191\"><p>Cada aluno passa por uma consulta inicial, onde discutimos suas metas, interesses e desafios.<\/p><\/div>\n\t\t\t\t<\/div>\n\t\t\t\t\t\t\t<div class=\"elementor-toggle-item\">\n\t\t\t\t\t<div id=\"elementor-tab-title-2192\" class=\"elementor-tab-title\" data-tab=\"2\" role=\"button\" aria-controls=\"elementor-tab-content-2192\" aria-expanded=\"false\">\n\t\t\t\t\t\t\t\t\t\t\t\t<span class=\"elementor-toggle-icon elementor-toggle-icon-left\" aria-hidden=\"true\">\n\t\t\t\t\t\t\t\t\t\t\t\t\t\t\t<span class=\"elementor-toggle-icon-closed\"><i class=\"fas fa-caret-right\"><\/i><\/span>\n\t\t\t\t\t\t\t\t<span class=\"elementor-toggle-icon-opened\"><i class=\"elementor-toggle-icon-opened fas fa-caret-up\"><\/i><\/span>\n\t\t\t\t\t\t\t\t\t\t\t\t\t<\/span>\n\t\t\t\t\t\t\t\t\t\t\t\t<a class=\"elementor-toggle-title\" tabindex=\"0\">Plano de Estudo Personalizado<\/a>\n\t\t\t\t\t<\/div>\n\n\t\t\t\t\t<div id=\"elementor-tab-content-2192\" class=\"elementor-tab-content elementor-clearfix\" data-tab=\"2\" role=\"region\" aria-labelledby=\"elementor-tab-title-2192\"><p>Com base na consulta inicial, desenvolvemos um plano de estudo personalizado, adaptado \u00e0s necessidades individuais de cada aluno.<\/p><\/div>\n\t\t\t\t<\/div>\n\t\t\t\t\t\t\t<div class=\"elementor-toggle-item\">\n\t\t\t\t\t<div id=\"elementor-tab-title-2193\" class=\"elementor-tab-title\" data-tab=\"3\" role=\"button\" aria-controls=\"elementor-tab-content-2193\" aria-expanded=\"false\">\n\t\t\t\t\t\t\t\t\t\t\t\t<span class=\"elementor-toggle-icon elementor-toggle-icon-left\" aria-hidden=\"true\">\n\t\t\t\t\t\t\t\t\t\t\t\t\t\t\t<span class=\"elementor-toggle-icon-closed\"><i class=\"fas fa-caret-right\"><\/i><\/span>\n\t\t\t\t\t\t\t\t<span class=\"elementor-toggle-icon-opened\"><i class=\"elementor-toggle-icon-opened fas fa-caret-up\"><\/i><\/span>\n\t\t\t\t\t\t\t\t\t\t\t\t\t<\/span>\n\t\t\t\t\t\t\t\t\t\t\t\t<a class=\"elementor-toggle-title\" tabindex=\"0\">Acompanhamento Cont\u00ednuo<\/a>\n\t\t\t\t\t<\/div>\n\n\t\t\t\t\t<div id=\"elementor-tab-content-2193\" class=\"elementor-tab-content elementor-clearfix\" data-tab=\"3\" role=\"region\" aria-labelledby=\"elementor-tab-title-2193\"><p>Nossos mentores fornecem suporte cont\u00ednuo, acompanhando o progresso do aluno, fornecendo feedback construtivo e ajustando o plano de estudo conforme necess\u00e1rio.<\/p><\/div>\n\t\t\t\t<\/div>\n\t\t\t\t\t\t\t<div class=\"elementor-toggle-item\">\n\t\t\t\t\t<div id=\"elementor-tab-title-2194\" class=\"elementor-tab-title\" data-tab=\"4\" role=\"button\" aria-controls=\"elementor-tab-content-2194\" aria-expanded=\"false\">\n\t\t\t\t\t\t\t\t\t\t\t\t<span class=\"elementor-toggle-icon elementor-toggle-icon-left\" aria-hidden=\"true\">\n\t\t\t\t\t\t\t\t\t\t\t\t\t\t\t<span class=\"elementor-toggle-icon-closed\"><i class=\"fas fa-caret-right\"><\/i><\/span>\n\t\t\t\t\t\t\t\t<span class=\"elementor-toggle-icon-opened\"><i class=\"elementor-toggle-icon-opened fas fa-caret-up\"><\/i><\/span>\n\t\t\t\t\t\t\t\t\t\t\t\t\t<\/span>\n\t\t\t\t\t\t\t\t\t\t\t\t<a class=\"elementor-toggle-title\" tabindex=\"0\">Recursos Exclusivos<\/a>\n\t\t\t\t\t<\/div>\n\n\t\t\t\t\t<div id=\"elementor-tab-content-2194\" class=\"elementor-tab-content elementor-clearfix\" data-tab=\"4\" role=\"region\" aria-labelledby=\"elementor-tab-title-2194\"><p>Al\u00e9m do acompanhamento individualizado, os alunos t\u00eam acesso a uma variedade de recursos exclusivos, incluindo simulados, exerc\u00edcios pr\u00e1ticos e sess\u00f5es de revis\u00e3o.<\/p><\/div>\n\t\t\t\t<\/div>\n\t\t\t\t\t\t\t\t<\/div>\n\t\t\t\t<\/div>\n\t\t\t\t<\/div>\n\t\t\t\t<div class=\"elementor-element elementor-element-9ad4c30 sc_fly_static elementor-widget elementor-widget-spacer\" data-id=\"9ad4c30\" data-element_type=\"widget\" data-widget_type=\"spacer.default\">\n\t\t\t\t<div class=\"elementor-widget-container\">\n\t\t\t\t\t<div class=\"elementor-spacer\">\n\t\t\t<div class=\"elementor-spacer-inner\"><\/div>\n\t\t<\/div>\n\t\t\t\t<\/div>\n\t\t\t\t<\/div>\n\t\t\t\t<div class=\"elementor-element elementor-element-aaf932c sc_fly_static elementor-widget elementor-widget-trx_sc_title\" data-id=\"aaf932c\" data-element_type=\"widget\" data-widget_type=\"trx_sc_title.default\">\n\t\t\t\t<div class=\"elementor-widget-container\">\n\t\t\t<div id=\"trx_sc_title_152841041\"\n\t\tclass=\"sc_title sc_title_default\"><span class=\"sc_item_subtitle sc_title_subtitle sc_item_subtitle_above sc_item_title_style_default\"> <\/span><h2 class=\"sc_item_title sc_title_title sc_item_title_style_default\"><span class=\"sc_item_title_text\">Benef\u00edcios da Mentoria<\/span><\/h2><div class=\"sc_item_descr sc_title_descr\"><\/div><\/div><!-- \/.sc_title -->\t\t<\/div>\n\t\t\t\t<\/div>\n\t\t\t\t<div class=\"elementor-element elementor-element-2536f42 sc_fly_static elementor-widget elementor-widget-text-editor\" data-id=\"2536f42\" data-element_type=\"widget\" data-widget_type=\"text-editor.default\">\n\t\t\t\t<div class=\"elementor-widget-container\">\n\t\t\t\t\t\t\t<ul><li><strong>Personaliza\u00e7\u00e3o:<\/strong> Cada aluno recebe um plano de estudo adaptado \u00e0s suas necessidades espec\u00edficas.<\/li><li><strong>Apoio Individualizado:<\/strong> Nosso mentor oferece suporte personalizado e feedback construtivo em todas as etapas do processo de aprendizado.<\/li><li><strong>Melhoria da Performance:<\/strong> A mentoria ajuda os alunos a maximizar seu potencial e melhorar sua performance acad\u00eamica ou profissional.<\/li><li><strong>Motiva\u00e7\u00e3o e Confian\u00e7a:<\/strong> O apoio cont\u00ednuo dos mentores ajuda os alunos a manterem-se motivados e confiantes em sua jornada de aprendizado.<\/li><\/ul>\t\t\t\t\t\t<\/div>\n\t\t\t\t<\/div>\n\t\t\t\t<div class=\"elementor-element elementor-element-22801bc sc_fly_static elementor-widget elementor-widget-spacer\" data-id=\"22801bc\" data-element_type=\"widget\" data-widget_type=\"spacer.default\">\n\t\t\t\t<div class=\"elementor-widget-container\">\n\t\t\t\t\t<div class=\"elementor-spacer\">\n\t\t\t<div class=\"elementor-spacer-inner\"><\/div>\n\t\t<\/div>\n\t\t\t\t<\/div>\n\t\t\t\t<\/div>\n\t\t\t\t<div class=\"elementor-element elementor-element-e36fcb0 sc_fly_static elementor-widget elementor-widget-trx_sc_title\" data-id=\"e36fcb0\" data-element_type=\"widget\" data-widget_type=\"trx_sc_title.default\">\n\t\t\t\t<div class=\"elementor-widget-container\">\n\t\t\t<div id=\"trx_sc_title_2059958140\"\n\t\tclass=\"sc_title sc_title_default\"><span class=\"sc_item_subtitle sc_title_subtitle sc_item_subtitle_above sc_item_title_style_default\"> <\/span><h2 class=\"sc_item_title sc_title_title sc_item_title_style_default\"><span class=\"sc_item_title_text\">Metodologia<\/span><\/h2><div class=\"sc_item_descr sc_title_descr\"><\/div><\/div><!-- \/.sc_title -->\t\t<\/div>\n\t\t\t\t<\/div>\n\t\t\t\t<div class=\"elementor-element elementor-element-7f1feb3 sc_fly_static elementor-widget elementor-widget-text-editor\" data-id=\"7f1feb3\" data-element_type=\"widget\" data-widget_type=\"text-editor.default\">\n\t\t\t\t<div class=\"elementor-widget-container\">\n\t\t\t\t\t\t\t<p>Nosso curso \u00e9 estruturado de forma progressiva, garantindo que cada conceito seja compreendido antes de avan\u00e7armos para o pr\u00f3ximo. Cada m\u00f3dulo \u00e9 composto por aulas te\u00f3ricas, exemplos pr\u00e1ticos e exerc\u00edcios para refor\u00e7ar o aprendizado.<\/p>\t\t\t\t\t\t<\/div>\n\t\t\t\t<\/div>\n\t\t\t\t<div class=\"elementor-element elementor-element-4330c9bb sc_fly_static elementor-widget elementor-widget-spacer\" data-id=\"4330c9bb\" data-element_type=\"widget\" data-widget_type=\"spacer.default\">\n\t\t\t\t<div class=\"elementor-widget-container\">\n\t\t\t\t\t<div class=\"elementor-spacer\">\n\t\t\t<div class=\"elementor-spacer-inner\"><\/div>\n\t\t<\/div>\n\t\t\t\t<\/div>\n\t\t\t\t<\/div>\n\t\t\t\t<div class=\"elementor-element elementor-element-25273ce sc_fly_static elementor-widget elementor-widget-trx_sc_title\" data-id=\"25273ce\" data-element_type=\"widget\" data-widget_type=\"trx_sc_title.default\">\n\t\t\t\t<div class=\"elementor-widget-container\">\n\t\t\t<div id=\"trx_sc_title_1700455092\"\n\t\tclass=\"sc_title sc_title_default\"><span class=\"sc_item_subtitle sc_title_subtitle sc_item_subtitle_above sc_item_title_style_default\"> <\/span><h2 class=\"sc_item_title sc_title_title sc_item_title_style_default\"><span class=\"sc_item_title_text\">Para quem \u00e9 este curso?<\/span><\/h2><div class=\"sc_item_descr sc_title_descr\"><\/div><\/div><!-- \/.sc_title -->\t\t<\/div>\n\t\t\t\t<\/div>\n\t\t\t\t<div class=\"elementor-element elementor-element-d9aba03 sc_fly_static elementor-widget elementor-widget-text-editor\" data-id=\"d9aba03\" data-element_type=\"widget\" data-widget_type=\"text-editor.default\">\n\t\t\t\t<div class=\"elementor-widget-container\">\n\t\t\t\t\t\t\t<p>\u2714\ufe0fEstudantes que desejam refor\u00e7ar seus conhecimentos matem\u00e1ticos<br \/>\u2714\ufe0fAdultos que precisam de uma base s\u00f3lida para o concurso da prefeitura de Montes Claros;<\/p>\t\t\t\t\t\t<\/div>\n\t\t\t\t<\/div>\n\t\t\t\t<div class=\"elementor-element elementor-element-f9d9d2f sc_fly_static elementor-widget elementor-widget-spacer\" data-id=\"f9d9d2f\" data-element_type=\"widget\" data-widget_type=\"spacer.default\">\n\t\t\t\t<div class=\"elementor-widget-container\">\n\t\t\t\t\t<div class=\"elementor-spacer\">\n\t\t\t<div class=\"elementor-spacer-inner\"><\/div>\n\t\t<\/div>\n\t\t\t\t<\/div>\n\t\t\t\t<\/div>\n\t\t\t\t\t<\/div>\n\t\t<\/div>\n\t\t\t\t\t\t\t<\/div>\n\t\t<\/section>\n\t\t\t\t<section class=\"has_eae_slider elementor-section elementor-top-section elementor-element elementor-element-7d65a5d4 elementor-section-boxed elementor-section-height-default elementor-section-height-default\" data-id=\"7d65a5d4\" data-element_type=\"section\" data-settings=\"{&quot;_ha_eqh_enable&quot;:false}\">\n\t\t\t\t\t\t<div class=\"elementor-container elementor-column-gap-extended\">\n\t\t\t\t\t<div class=\"has_eae_slider elementor-column elementor-col-100 elementor-top-column elementor-element elementor-element-c535573 sc_layouts_column_icons_position_left\" data-id=\"c535573\" data-element_type=\"column\">\n\t\t\t<div class=\"elementor-widget-wrap elementor-element-populated\">\n\t\t\t\t\t\t\t\t<div class=\"elementor-element elementor-element-9d840df sc_fly_static elementor-widget elementor-widget-spacer\" data-id=\"9d840df\" data-element_type=\"widget\" data-widget_type=\"spacer.default\">\n\t\t\t\t<div class=\"elementor-widget-container\">\n\t\t\t\t\t<div class=\"elementor-spacer\">\n\t\t\t<div class=\"elementor-spacer-inner\"><\/div>\n\t\t<\/div>\n\t\t\t\t<\/div>\n\t\t\t\t<\/div>\n\t\t\t\t<div class=\"elementor-element elementor-element-2a88257e sc_fly_static elementor-widget elementor-widget-trx_sc_title\" data-id=\"2a88257e\" data-element_type=\"widget\" data-widget_type=\"trx_sc_title.default\">\n\t\t\t\t<div class=\"elementor-widget-container\">\n\t\t\t<div id=\"trx_sc_title_331501170\"\n\t\tclass=\"sc_title sc_title_default\"><span class=\"sc_item_subtitle sc_title_subtitle sc_item_subtitle_above sc_item_title_style_default\">D\u00ea um passo em dire\u00e7\u00e3o a sua aprova\u00e7\u00e3o<\/span><h2 class=\"sc_item_title sc_title_title sc_item_title_style_default\"><span class=\"sc_item_title_text\">Fale conosco e garanta sua vaga<\/span><\/h2><div class=\"sc_item_descr sc_title_descr\"><\/div><\/div><!-- \/.sc_title -->\t\t<\/div>\n\t\t\t\t<\/div>\n\t\t\t\t<div class=\"elementor-element elementor-element-6b4788cf sc_fly_static elementor-widget elementor-widget-spacer\" data-id=\"6b4788cf\" data-element_type=\"widget\" data-widget_type=\"spacer.default\">\n\t\t\t\t<div class=\"elementor-widget-container\">\n\t\t\t\t\t<div class=\"elementor-spacer\">\n\t\t\t<div class=\"elementor-spacer-inner\"><\/div>\n\t\t<\/div>\n\t\t\t\t<\/div>\n\t\t\t\t<\/div>\n\t\t\t\t<div class=\"elementor-element elementor-element-2bd08929 scheme_default sc_fly_static elementor-widget elementor-widget-trx_sc_button\" data-id=\"2bd08929\" data-element_type=\"widget\" data-widget_type=\"trx_sc_button.default\">\n\t\t\t\t<div class=\"elementor-widget-container\">\n\t\t\t<div class=\"sc_item_button sc_button_wrap sc_align_center\"><a href=\"https:\/\/wa.me\/5538997257044?text=Ol%C3%A1%2C+tenho+interesse+em+saber+mais+sobre+a+Mentoria+da+BC+Concursos\" id=\"trx_sc_button_1743547781\" class=\"sc_button sc_button_simple sc_button_size_large sc_button_with_icon sc_button_icon_left\"><span class=\"sc_button_icon\"><span class=\"icon-phone\"><\/span><\/span><span class=\"sc_button_text sc_align_center\"><span class=\"sc_button_title\">Falar via whatsapp<\/span><\/span><!-- \/.sc_button_text --><\/a><!-- \/.sc_button --><\/div><!-- \/.sc_item_button -->\t\t<\/div>\n\t\t\t\t<\/div>\n\t\t\t\t<div class=\"elementor-element elementor-element-7bcf83da sc_fly_static elementor-widget elementor-widget-spacer\" data-id=\"7bcf83da\" data-element_type=\"widget\" data-widget_type=\"spacer.default\">\n\t\t\t\t<div class=\"elementor-widget-container\">\n\t\t\t\t\t<div class=\"elementor-spacer\">\n\t\t\t<div class=\"elementor-spacer-inner\"><\/div>\n\t\t<\/div>\n\t\t\t\t<\/div>\n\t\t\t\t<\/div>\n\t\t\t\t\t<\/div>\n\t\t<\/div>\n\t\t\t\t\t\t\t<\/div>\n\t\t<\/section>\n\t\t\t\t\t\t\t<\/div>\n\t\t","protected":false},"excerpt":{"rendered":"<p>nossa mentoria Mentoria personalizada da BC CONCURSOS Na BC CONCURSOS entendemos que cada aluno \u00e9 \u00fanico, com suas pr\u00f3prias metas,&hellip;<\/p>\n","protected":false},"author":1,"featured_media":0,"parent":0,"menu_order":0,"comment_status":"closed","ping_status":"closed","template":"","meta":{"footnotes":"","_joinchat":[]},"_links":{"self":[{"href":"https:\/\/bceduca.com.br\/site\/wp-json\/wp\/v2\/pages\/4716"}],"collection":[{"href":"https:\/\/bceduca.com.br\/site\/wp-json\/wp\/v2\/pages"}],"about":[{"href":"https:\/\/bceduca.com.br\/site\/wp-json\/wp\/v2\/types\/page"}],"author":[{"embeddable":true,"href":"https:\/\/bceduca.com.br\/site\/wp-json\/wp\/v2\/users\/1"}],"replies":[{"embeddable":true,"href":"https:\/\/bceduca.com.br\/site\/wp-json\/wp\/v2\/comments?post=4716"}],"version-history":[{"count":70,"href":"https:\/\/bceduca.com.br\/site\/wp-json\/wp\/v2\/pages\/4716\/revisions"}],"predecessor-version":[{"id":4944,"href":"https:\/\/bceduca.com.br\/site\/wp-json\/wp\/v2\/pages\/4716\/revisions\/4944"}],"wp:attachment":[{"href":"https:\/\/bceduca.com.br\/site\/wp-json\/wp\/v2\/media?parent=4716"}],"curies":[{"name":"wp","href":"https:\/\/api.w.org\/{rel}","templated":true}]}}