{"id":4363,"date":"2024-05-08T09:47:03","date_gmt":"2024-05-08T12:47:03","guid":{"rendered":"https:\/\/bceduca.com.br\/site\/?page_id=4363"},"modified":"2024-05-22T14:48:01","modified_gmt":"2024-05-22T17:48:01","slug":"capacitacoes","status":"publish","type":"page","link":"https:\/\/bceduca.com.br\/site\/capacitacoes\/","title":{"rendered":"Capacita\u00e7\u00f5es"},"content":{"rendered":"\t\t<div data-elementor-type=\"wp-page\" data-elementor-id=\"4363\" class=\"elementor elementor-4363\" data-elementor-post-type=\"page\">\n\t\t\t\t\t\t\t<div class=\"has_eae_slider elementor-element elementor-element-768563a9 e-flex e-con-boxed e-con e-parent\" data-id=\"768563a9\" data-element_type=\"container\" data-settings=\"{&quot;background_background&quot;:&quot;gradient&quot;,&quot;content_width&quot;:&quot;boxed&quot;,&quot;_ha_eqh_enable&quot;:false}\" data-core-v316-plus=\"true\">\n\t\t\t\t\t<div class=\"e-con-inner\">\n\t\t\t\t\t<\/div>\n\t\t\t\t<\/div>\n\t\t<div class=\"has_eae_slider elementor-element elementor-element-5be550c8 e-flex e-con-boxed e-con e-parent\" data-id=\"5be550c8\" data-element_type=\"container\" data-settings=\"{&quot;content_width&quot;:&quot;boxed&quot;,&quot;_ha_eqh_enable&quot;:false}\" data-core-v316-plus=\"true\">\n\t\t\t\t\t<div class=\"e-con-inner\">\n\t\t\t\t\t<\/div>\n\t\t\t\t<\/div>\n\t\t<div class=\"has_eae_slider elementor-element elementor-element-28a1e435 e-con-full animated-slow e-flex elementor-invisible e-con e-parent\" data-id=\"28a1e435\" data-element_type=\"container\" data-settings=\"{&quot;content_width&quot;:&quot;full&quot;,&quot;animation&quot;:&quot;fadeInUp&quot;,&quot;animation_mobile&quot;:&quot;fadeInUp&quot;,&quot;background_background&quot;:&quot;classic&quot;,&quot;_ha_eqh_enable&quot;:false}\" data-core-v316-plus=\"true\">\n\t\t<div class=\"has_eae_slider elementor-element elementor-element-1a5a82c6 e-con-full e-flex e-con e-child\" data-id=\"1a5a82c6\" data-element_type=\"container\" data-settings=\"{&quot;content_width&quot;:&quot;full&quot;,&quot;_ha_eqh_enable&quot;:false}\">\n\t\t\t\t<div class=\"elementor-element elementor-element-43ed034a elementor-widget__width-initial sc_fly_static elementor-widget elementor-widget-text-editor\" data-id=\"43ed034a\" data-element_type=\"widget\" data-widget_type=\"text-editor.default\">\n\t\t\t\t<div class=\"elementor-widget-container\">\n\t\t\t\t\t\t\t<p>Prepare-se com a BC<\/p>\t\t\t\t\t\t<\/div>\n\t\t\t\t<\/div>\n\t\t\t\t<div class=\"elementor-element elementor-element-783eb8cc elementor-widget__width-initial sc_fly_static elementor-widget elementor-widget-spacer\" data-id=\"783eb8cc\" data-element_type=\"widget\" data-widget_type=\"spacer.default\">\n\t\t\t\t<div class=\"elementor-widget-container\">\n\t\t\t\t\t<div class=\"elementor-spacer\">\n\t\t\t<div class=\"elementor-spacer-inner\"><\/div>\n\t\t<\/div>\n\t\t\t\t<\/div>\n\t\t\t\t<\/div>\n\t\t\t\t<div class=\"elementor-element elementor-element-91e8532 elementor-widget__width-initial sc_fly_static elementor-widget elementor-widget-heading\" data-id=\"91e8532\" data-element_type=\"widget\" data-widget_type=\"heading.default\">\n\t\t\t\t<div class=\"elementor-widget-container\">\n\t\t\t<h2 class=\"elementor-heading-title elementor-size-default\">Capacita\u00e7\u00e3o da BC Solu\u00e7\u00f5es Educacionais<\/h2>\t\t<\/div>\n\t\t\t\t<\/div>\n\t\t\t\t<div class=\"elementor-element elementor-element-52104d2a elementor-widget__width-initial sc_fly_static elementor-widget elementor-widget-spacer\" data-id=\"52104d2a\" data-element_type=\"widget\" data-widget_type=\"spacer.default\">\n\t\t\t\t<div class=\"elementor-widget-container\">\n\t\t\t\t\t<div class=\"elementor-spacer\">\n\t\t\t<div class=\"elementor-spacer-inner\"><\/div>\n\t\t<\/div>\n\t\t\t\t<\/div>\n\t\t\t\t<\/div>\n\t\t\t\t<div class=\"elementor-element elementor-element-43de8013 elementor-widget__width-initial sc_fly_static elementor-widget elementor-widget-text-editor\" data-id=\"43de8013\" data-element_type=\"widget\" data-widget_type=\"text-editor.default\">\n\t\t\t\t<div class=\"elementor-widget-container\">\n\t\t\t\t\t\t\t<p>Destinadas a professores do ensino fundamental e m\u00e9dio, nossas capacita\u00e7\u00f5es utilizam evid\u00eancias cient\u00edficas e casos pr\u00e1ticos para demonstrar como o m\u00e9todo correto de estudo pode preparar adequadamente os alunos para o sucesso.<\/p><p><strong>Participe e transforme a educa\u00e7\u00e3o de seus alunos!<\/strong><\/p>\t\t\t\t\t\t<\/div>\n\t\t\t\t<\/div>\n\t\t\t\t<div class=\"elementor-element elementor-element-d837b0e sc_fly_static elementor-widget elementor-widget-trx_sc_button\" data-id=\"d837b0e\" data-element_type=\"widget\" data-widget_type=\"trx_sc_button.default\">\n\t\t\t\t<div class=\"elementor-widget-container\">\n\t\t\t<a href=\"#capacitacoes\" id=\"trx_sc_button_1974268264\" class=\"sc_button sc_button_default sc_button_size_normal sc_button_icon_left\"><span class=\"sc_button_text\"><span class=\"sc_button_title\">nossas capacita\u00e7\u00f5es<\/span><\/span><!-- \/.sc_button_text --><\/a><!-- \/.sc_button -->\t\t<\/div>\n\t\t\t\t<\/div>\n\t\t\t\t<\/div>\n\t\t<div class=\"has_eae_slider elementor-element elementor-element-5a8c1772 e-con-full e-flex e-con e-child\" data-id=\"5a8c1772\" data-element_type=\"container\" data-settings=\"{&quot;content_width&quot;:&quot;full&quot;,&quot;_ha_eqh_enable&quot;:false}\">\n\t\t\t\t<div class=\"elementor-element elementor-element-70a117b0 elementor-widget__width-initial sc_fly_static elementor-widget elementor-widget-image\" data-id=\"70a117b0\" data-element_type=\"widget\" data-widget_type=\"image.default\">\n\t\t\t\t<div class=\"elementor-widget-container\">\n\t\t\t\t\t\t\t\t\t\t\t\t\t\t\t<img fetchpriority=\"high\" decoding=\"async\" width=\"495\" height=\"504\" src=\"https:\/\/bceduca.com.br\/site\/wp-content\/uploads\/2024\/04\/prof-1-removebg-preview.png\" class=\"attachment-large size-large wp-image-4189\" alt=\"\" srcset=\"https:\/\/bceduca.com.br\/site\/wp-content\/uploads\/2024\/04\/prof-1-removebg-preview.png 495w, https:\/\/bceduca.com.br\/site\/wp-content\/uploads\/2024\/04\/prof-1-removebg-preview-295x300.png 295w, https:\/\/bceduca.com.br\/site\/wp-content\/uploads\/2024\/04\/prof-1-removebg-preview-75x75.png 75w, https:\/\/bceduca.com.br\/site\/wp-content\/uploads\/2024\/04\/prof-1-removebg-preview-370x377.png 370w\" sizes=\"(max-width: 495px) 100vw, 495px\" \/>\t\t\t\t\t\t\t\t\t\t\t\t\t\t\t<\/div>\n\t\t\t\t<\/div>\n\t\t\t\t<div class=\"elementor-element elementor-element-4e6c7545 sc_fly_static elementor-widget elementor-widget-spacer\" data-id=\"4e6c7545\" data-element_type=\"widget\" data-widget_type=\"spacer.default\">\n\t\t\t\t<div class=\"elementor-widget-container\">\n\t\t\t\t\t<div class=\"elementor-spacer\">\n\t\t\t<div class=\"elementor-spacer-inner\"><\/div>\n\t\t<\/div>\n\t\t\t\t<\/div>\n\t\t\t\t<\/div>\n\t\t\t\t<\/div>\n\t\t\t\t<\/div>\n\t\t<div class=\"has_eae_slider elementor-element elementor-element-5b9984eb e-con-full e-flex e-con e-parent\" data-id=\"5b9984eb\" data-element_type=\"container\" data-settings=\"{&quot;content_width&quot;:&quot;full&quot;,&quot;_ha_eqh_enable&quot;:false}\" data-core-v316-plus=\"true\">\n\t\t\t\t<div class=\"elementor-element elementor-element-41e35eaa sc_fly_static elementor-widget elementor-widget-spacer\" data-id=\"41e35eaa\" data-element_type=\"widget\" data-widget_type=\"spacer.default\">\n\t\t\t\t<div class=\"elementor-widget-container\">\n\t\t\t\t\t<div class=\"elementor-spacer\">\n\t\t\t<div class=\"elementor-spacer-inner\"><\/div>\n\t\t<\/div>\n\t\t\t\t<\/div>\n\t\t\t\t<\/div>\n\t\t\t\t<\/div>\n\t\t<div class=\"has_eae_slider elementor-element elementor-element-ff26c9b e-con-full animated-slow capacitacoes e-flex elementor-invisible e-con e-parent\" data-id=\"ff26c9b\" data-element_type=\"container\" id=\"capacitacoes\" data-settings=\"{&quot;content_width&quot;:&quot;full&quot;,&quot;animation&quot;:&quot;fadeInUp&quot;,&quot;background_background&quot;:&quot;classic&quot;,&quot;_ha_eqh_enable&quot;:false}\" data-core-v316-plus=\"true\">\n\t\t<div data-ha-element-link=\"{&quot;url&quot;:&quot;#&quot;,&quot;is_external&quot;:&quot;&quot;,&quot;nofollow&quot;:&quot;&quot;,&quot;custom_attributes&quot;:&quot;&quot;}\" style=\"cursor: pointer\" class=\"has_eae_slider elementor-element elementor-element-5654fe0d e-con-full e-flex e-con e-child\" data-id=\"5654fe0d\" data-element_type=\"container\" data-settings=\"{&quot;content_width&quot;:&quot;full&quot;,&quot;_ha_eqh_enable&quot;:false}\">\n\t\t\t\t<div class=\"elementor-element elementor-element-232f49f1 elementor-widget__width-initial elementor-cta--layout-image-above elementor-cta--skin-classic elementor-animated-content elementor-bg-transform elementor-bg-transform-zoom-in sc_fly_static elementor-widget elementor-widget-call-to-action\" data-id=\"232f49f1\" data-element_type=\"widget\" data-widget_type=\"call-to-action.default\">\n\t\t\t\t<div class=\"elementor-widget-container\">\n\t\t\t\t\t<a class=\"elementor-cta\" href=\"#\">\n\t\t\t\t\t<div class=\"elementor-cta__bg-wrapper\">\n\t\t\t\t<div class=\"elementor-cta__bg elementor-bg\" style=\"background-image: url(https:\/\/bceduca.com.br\/site\/wp-content\/uploads\/2018\/07\/post-10-copyright-1024x576.jpg);\" role=\"img\" aria-label=\"post-10-copyright\"><\/div>\n\t\t\t\t<div class=\"elementor-cta__bg-overlay\"><\/div>\n\t\t\t<\/div>\n\t\t\t\t\t\t\t<div class=\"elementor-cta__content\">\n\t\t\t\t\n\t\t\t\t\t\t\t\t\t<h1 class=\"elementor-cta__title elementor-cta__content-item elementor-content-item\">\n\t\t\t\t\t\tCapacita\u00e7\u00e3o em Alfabetiza\u00e7\u00e3o\t\t\t\t\t<\/h1>\n\t\t\t\t\n\t\t\t\t\n\t\t\t\t\t\t\t\t\t<div class=\"elementor-cta__button-wrapper elementor-cta__content-item elementor-content-item \">\n\t\t\t\t\t<span class=\"elementor-cta__button elementor-button elementor-size-sm\">\n\t\t\t\t\t\tQuero saber mais\t\t\t\t\t<\/span>\n\t\t\t\t\t<\/div>\n\t\t\t\t\t\t\t<\/div>\n\t\t\t\t\t\t<\/a>\n\t\t\t\t<\/div>\n\t\t\t\t<\/div>\n\t\t\t\t<\/div>\n\t\t<div data-ha-element-link=\"{&quot;url&quot;:&quot;#&quot;,&quot;is_external&quot;:&quot;&quot;,&quot;nofollow&quot;:&quot;&quot;,&quot;custom_attributes&quot;:&quot;&quot;}\" style=\"cursor: pointer\" class=\"has_eae_slider elementor-element elementor-element-6fa402e5 e-con-full e-flex e-con e-child\" data-id=\"6fa402e5\" data-element_type=\"container\" data-settings=\"{&quot;content_width&quot;:&quot;full&quot;,&quot;_ha_eqh_enable&quot;:false}\">\n\t\t\t\t<div class=\"elementor-element elementor-element-54d2b5ca elementor-widget__width-initial elementor-cta--layout-image-above elementor-cta--valign-middle elementor-cta--skin-classic elementor-animated-content elementor-bg-transform elementor-bg-transform-zoom-in sc_fly_static elementor-widget elementor-widget-call-to-action\" data-id=\"54d2b5ca\" data-element_type=\"widget\" data-widget_type=\"call-to-action.default\">\n\t\t\t\t<div class=\"elementor-widget-container\">\n\t\t\t\t\t<div class=\"elementor-cta\">\n\t\t\t\t\t<div class=\"elementor-cta__bg-wrapper\">\n\t\t\t\t<div class=\"elementor-cta__bg elementor-bg\" style=\"background-image: url(https:\/\/bceduca.com.br\/site\/wp-content\/uploads\/2018\/07\/post-14-copyright-1024x861.jpg);\" role=\"img\" aria-label=\"post-14-copyright\"><\/div>\n\t\t\t\t<div class=\"elementor-cta__bg-overlay\"><\/div>\n\t\t\t<\/div>\n\t\t\t\t\t\t\t<div class=\"elementor-cta__content\">\n\t\t\t\t\n\t\t\t\t\t\t\t\t\t<h2 class=\"elementor-cta__title elementor-cta__content-item elementor-content-item\">\n\t\t\t\t\t\tCapacita\u00e7\u00e3o em Leitura\t\t\t\t\t<\/h2>\n\t\t\t\t\n\t\t\t\t\n\t\t\t\t\t\t\t\t\t<div class=\"elementor-cta__button-wrapper elementor-cta__content-item elementor-content-item \">\n\t\t\t\t\t<a class=\"elementor-cta__button elementor-button elementor-size-sm\" href=\"#\">\n\t\t\t\t\t\t<span style=\"font-family: Brawler, serif; font-size: 15px; font-style: normal; font-weight: 400; text-decoration-thickness: initial; text-decoration-style: initial; text-decoration-color: initial;\">Quero saber mais<\/span>\t\t\t\t\t<\/a>\n\t\t\t\t\t<\/div>\n\t\t\t\t\t\t\t<\/div>\n\t\t\t\t\t\t<\/div>\n\t\t\t\t<\/div>\n\t\t\t\t<\/div>\n\t\t\t\t<\/div>\n\t\t<div class=\"has_eae_slider elementor-element elementor-element-f980e90 e-flex e-con-boxed e-con e-child\" data-id=\"f980e90\" data-element_type=\"container\" data-settings=\"{&quot;content_width&quot;:&quot;boxed&quot;,&quot;_ha_eqh_enable&quot;:false}\">\n\t\t\t\t\t<div class=\"e-con-inner\">\n\t\t\t\t<div class=\"elementor-element elementor-element-13a6642 elementor-widget__width-initial elementor-cta--layout-image-above elementor-cta--valign-middle elementor-cta--skin-classic elementor-animated-content elementor-bg-transform elementor-bg-transform-zoom-in sc_fly_static elementor-widget elementor-widget-call-to-action\" data-id=\"13a6642\" data-element_type=\"widget\" data-widget_type=\"call-to-action.default\">\n\t\t\t\t<div class=\"elementor-widget-container\">\n\t\t\t\t\t<div class=\"elementor-cta\">\n\t\t\t\t\t<div class=\"elementor-cta__bg-wrapper\">\n\t\t\t\t<div class=\"elementor-cta__bg elementor-bg\" style=\"background-image: url(https:\/\/bceduca.com.br\/site\/wp-content\/uploads\/2018\/07\/post-22-copyright-1024x576.jpg);\" role=\"img\" aria-label=\"post-22-copyright\"><\/div>\n\t\t\t\t<div class=\"elementor-cta__bg-overlay\"><\/div>\n\t\t\t<\/div>\n\t\t\t\t\t\t\t<div class=\"elementor-cta__content\">\n\t\t\t\t\n\t\t\t\t\t\t\t\t\t<h2 class=\"elementor-cta__title elementor-cta__content-item elementor-content-item\">\n\t\t\t\t\t\tCapacita\u00e7\u00e3o em Hist\u00f3ria em quadrinhos\t\t\t\t\t<\/h2>\n\t\t\t\t\n\t\t\t\t\n\t\t\t\t\t\t\t\t\t<div class=\"elementor-cta__button-wrapper elementor-cta__content-item elementor-content-item \">\n\t\t\t\t\t<a class=\"elementor-cta__button elementor-button elementor-size-sm\" href=\"#\">\n\t\t\t\t\t\t<span style=\"font-family: Brawler, serif; font-size: 15px; font-style: normal; font-weight: 400; text-decoration-thickness: initial; text-decoration-style: initial; text-decoration-color: initial;\">Quero saber mais<\/span>\t\t\t\t\t<\/a>\n\t\t\t\t\t<\/div>\n\t\t\t\t\t\t\t<\/div>\n\t\t\t\t\t\t<\/div>\n\t\t\t\t<\/div>\n\t\t\t\t<\/div>\n\t\t\t\t\t<\/div>\n\t\t\t\t<\/div>\n\t\t\t\t<\/div>\n\t\t<div class=\"has_eae_slider elementor-element elementor-element-15b4fcdc e-con-full e-flex e-con e-parent\" data-id=\"15b4fcdc\" data-element_type=\"container\" data-settings=\"{&quot;content_width&quot;:&quot;full&quot;,&quot;_ha_eqh_enable&quot;:false}\" data-core-v316-plus=\"true\">\n\t\t\t\t<div class=\"elementor-element elementor-element-5ced6a49 sc_fly_static elementor-widget elementor-widget-spacer\" data-id=\"5ced6a49\" data-element_type=\"widget\" data-widget_type=\"spacer.default\">\n\t\t\t\t<div class=\"elementor-widget-container\">\n\t\t\t\t\t<div class=\"elementor-spacer\">\n\t\t\t<div class=\"elementor-spacer-inner\"><\/div>\n\t\t<\/div>\n\t\t\t\t<\/div>\n\t\t\t\t<\/div>\n\t\t\t\t<div class=\"elementor-element elementor-element-6f80ca1 elementor-widget__width-initial sc_fly_static elementor-widget elementor-widget-text-editor\" data-id=\"6f80ca1\" data-element_type=\"widget\" data-widget_type=\"text-editor.default\">\n\t\t\t\t<div class=\"elementor-widget-container\">\n\t\t\t\t\t\t\t<p>Entre em contato com a BC Solu\u00e7\u00f5es Educacionais<\/p>\t\t\t\t\t\t<\/div>\n\t\t\t\t<\/div>\n\t\t\t\t<\/div>\n\t\t\t\t<section class=\"has_eae_slider elementor-section elementor-top-section elementor-element elementor-element-1c0ec00a elementor-section-boxed elementor-section-height-default elementor-section-height-default\" data-id=\"1c0ec00a\" data-element_type=\"section\" data-settings=\"{&quot;_ha_eqh_enable&quot;:false}\">\n\t\t\t\t\t\t<div class=\"elementor-container elementor-column-gap-extended\">\n\t\t\t\t\t<div class=\"has_eae_slider elementor-column elementor-col-100 elementor-top-column elementor-element elementor-element-4ded40ec sc_layouts_column_icons_position_left\" data-id=\"4ded40ec\" data-element_type=\"column\">\n\t\t\t<div class=\"elementor-widget-wrap elementor-element-populated\">\n\t\t\t\t\t\t\t\t<div class=\"elementor-element elementor-element-3bfdd6bf sc_fly_static elementor-widget elementor-widget-trx_sc_icons\" data-id=\"3bfdd6bf\" data-element_type=\"widget\" data-widget_type=\"trx_sc_icons.default\">\n\t\t\t\t<div class=\"elementor-widget-container\">\n\t\t\t<div id=\"trx_sc_icons_634438625\" \n\tclass=\"sc_icons sc_icons_default sc_icons_size_small sc_align_center\"><div class=\"sc_icons_columns_wrap sc_item_columns trx_addons_columns_wrap columns_padding_bottom\"><div class=\"trx_addons_column-1_4\"><div class=\"sc_icons_item sc_icons_item_linked\"><div class=\"sc_icons_icon sc_icon_type_ icon-020_telephone\"><span class=\"sc_icon_type_ icon-020_telephone\"><\/span><\/div><div class=\"sc_icons_item_details\"><div class=\"sc_icons_item_description\"><span><a href=\"tel:38991971095\">(38) 99197 1095<\/a><\/span><span><a href=\"tel:38997257044\">(38) 99725 7044<\/a><\/span><\/div><a href=\"https:\/\/wa.me\/5538997257044\"\n\t\t\t\t\t\tclass=\"sc_icons_item_link\"><\/a><\/div><\/div><\/div><div class=\"trx_addons_column-1_4\"><div class=\"sc_icons_item\"><div class=\"sc_icons_icon sc_icon_type_ icon-placeholder\"><span class=\"sc_icon_type_ icon-placeholder\"><\/span><\/div><div class=\"sc_icons_item_details\"><div class=\"sc_icons_item_description\"><span>Rua Miguel Braga, 290<\/span><span>Bairro Vila Guilhermina<\/span><span>Montes Claros MG<\/span><\/div><\/div><\/div><\/div><div class=\"trx_addons_column-1_4\"><div class=\"sc_icons_item\"><div class=\"sc_icons_icon sc_icon_type_ icon-placeholder\"><span class=\"sc_icon_type_ icon-placeholder\"><\/span><\/div><div class=\"sc_icons_item_details\"><div class=\"sc_icons_item_description\"><span>Av. Cula mangabeira, 537,  lj2<\/span><span>Bairro Santo Expedito<\/span><span>Montes Claros MG<\/span><\/div><\/div><\/div><\/div><div class=\"trx_addons_column-1_4\"><div class=\"sc_icons_item\"><div class=\"sc_icons_icon sc_icon_type_ icon-019_chat\"><span class=\"sc_icon_type_ icon-019_chat\"><\/span><\/div><div class=\"sc_icons_item_details\"><div class=\"sc_icons_item_description\"><span><a href=\"mailto:bc.solucoeseducacionaia@gmail.com\">bc.solucoeseducacionaia@gmail.com<\/a><\/span><\/div><\/div><\/div><\/div><\/div><\/div><!-- \/.sc_icons -->\t\t<\/div>\n\t\t\t\t<\/div>\n\t\t\t\t\t<\/div>\n\t\t<\/div>\n\t\t\t\t\t\t\t<\/div>\n\t\t<\/section>\n\t\t<div class=\"has_eae_slider elementor-element elementor-element-8f89ffe e-flex e-con-boxed e-con e-parent\" data-id=\"8f89ffe\" data-element_type=\"container\" data-settings=\"{&quot;content_width&quot;:&quot;boxed&quot;,&quot;_ha_eqh_enable&quot;:false}\" data-core-v316-plus=\"true\">\n\t\t\t\t\t<div class=\"e-con-inner\">\n\t\t\t\t<div class=\"elementor-element elementor-element-dde62fb sc_fly_static elementor-widget elementor-widget-spacer\" data-id=\"dde62fb\" data-element_type=\"widget\" data-widget_type=\"spacer.default\">\n\t\t\t\t<div class=\"elementor-widget-container\">\n\t\t\t\t\t<div class=\"elementor-spacer\">\n\t\t\t<div class=\"elementor-spacer-inner\"><\/div>\n\t\t<\/div>\n\t\t\t\t<\/div>\n\t\t\t\t<\/div>\n\t\t\t\t\t<\/div>\n\t\t\t\t<\/div>\n\t\t\t\t\t\t\t<\/div>\n\t\t","protected":false},"excerpt":{"rendered":"<p>Prepare-se com a BC Capacita\u00e7\u00e3o da BC Solu\u00e7\u00f5es Educacionais Destinadas a professores do ensino fundamental e m\u00e9dio, nossas capacita\u00e7\u00f5es utilizam&hellip;<\/p>\n","protected":false},"author":1,"featured_media":0,"parent":0,"menu_order":0,"comment_status":"closed","ping_status":"closed","template":"","meta":{"footnotes":"","_joinchat":[]},"_links":{"self":[{"href":"https:\/\/bceduca.com.br\/site\/wp-json\/wp\/v2\/pages\/4363"}],"collection":[{"href":"https:\/\/bceduca.com.br\/site\/wp-json\/wp\/v2\/pages"}],"about":[{"href":"https:\/\/bceduca.com.br\/site\/wp-json\/wp\/v2\/types\/page"}],"author":[{"embeddable":true,"href":"https:\/\/bceduca.com.br\/site\/wp-json\/wp\/v2\/users\/1"}],"replies":[{"embeddable":true,"href":"https:\/\/bceduca.com.br\/site\/wp-json\/wp\/v2\/comments?post=4363"}],"version-history":[{"count":68,"href":"https:\/\/bceduca.com.br\/site\/wp-json\/wp\/v2\/pages\/4363\/revisions"}],"predecessor-version":[{"id":4630,"href":"https:\/\/bceduca.com.br\/site\/wp-json\/wp\/v2\/pages\/4363\/revisions\/4630"}],"wp:attachment":[{"href":"https:\/\/bceduca.com.br\/site\/wp-json\/wp\/v2\/media?parent=4363"}],"curies":[{"name":"wp","href":"https:\/\/api.w.org\/{rel}","templated":true}]}}