{"id":210,"date":"2018-07-10T08:47:02","date_gmt":"2018-07-10T08:47:02","guid":{"rendered":"https:\/\/bceduca.com.br\/site\/?page_id=210"},"modified":"2024-03-05T16:11:08","modified_gmt":"2024-03-05T19:11:08","slug":"contacts","status":"publish","type":"page","link":"https:\/\/bceduca.com.br\/site\/contacts\/","title":{"rendered":"Fale Conosco"},"content":{"rendered":"\t\t<div data-elementor-type=\"wp-post\" data-elementor-id=\"210\" class=\"elementor elementor-210\" data-elementor-post-type=\"page\">\n\t\t\t\t\t\t\t\t\t<section class=\"has_eae_slider elementor-section elementor-top-section elementor-element elementor-element-71e2bef elementor-section-boxed elementor-section-height-default elementor-section-height-default\" data-id=\"71e2bef\" data-element_type=\"section\" data-settings=\"{&quot;_ha_eqh_enable&quot;:false}\">\n\t\t\t\t\t\t<div class=\"elementor-container elementor-column-gap-extended\">\n\t\t\t\t\t<div class=\"has_eae_slider elementor-column elementor-col-100 elementor-top-column elementor-element elementor-element-439fbe3 sc_layouts_column_icons_position_left\" data-id=\"439fbe3\" data-element_type=\"column\">\n\t\t\t<div class=\"elementor-widget-wrap elementor-element-populated\">\n\t\t\t\t\t\t\t\t<div class=\"elementor-element elementor-element-942e834 sc_fly_static elementor-widget elementor-widget-spacer\" data-id=\"942e834\" data-element_type=\"widget\" data-widget_type=\"spacer.default\">\n\t\t\t\t<div class=\"elementor-widget-container\">\n\t\t\t\t\t<div class=\"elementor-spacer\">\n\t\t\t<div class=\"elementor-spacer-inner\"><\/div>\n\t\t<\/div>\n\t\t\t\t<\/div>\n\t\t\t\t<\/div>\n\t\t\t\t\t<\/div>\n\t\t<\/div>\n\t\t\t\t\t\t\t<\/div>\n\t\t<\/section>\n\t\t\t\t<section class=\"has_eae_slider elementor-section elementor-top-section elementor-element elementor-element-d6f9ea6 elementor-section-boxed elementor-section-height-default elementor-section-height-default\" data-id=\"d6f9ea6\" data-element_type=\"section\" data-settings=\"{&quot;_ha_eqh_enable&quot;:false}\">\n\t\t\t\t\t\t<div class=\"elementor-container elementor-column-gap-extended\">\n\t\t\t\t\t<div class=\"has_eae_slider elementor-column elementor-col-100 elementor-top-column elementor-element elementor-element-222dddf sc_layouts_column_icons_position_left\" data-id=\"222dddf\" data-element_type=\"column\">\n\t\t\t<div class=\"elementor-widget-wrap elementor-element-populated\">\n\t\t\t\t\t\t\t\t<div class=\"elementor-element elementor-element-ef58704 sc_fly_static elementor-widget elementor-widget-trx_sc_title\" data-id=\"ef58704\" data-element_type=\"widget\" data-widget_type=\"trx_sc_title.default\">\n\t\t\t\t<div class=\"elementor-widget-container\">\n\t\t\t<div id=\"trx_sc_title_1117672582\"\n\t\tclass=\"sc_title sc_title_default\"><span class=\"sc_item_subtitle sc_title_subtitle sc_align_center sc_item_subtitle_above sc_item_title_style_default\">D\u00favidas? Sugest\u00f5es?<\/span><h2 class=\"sc_item_title sc_title_title sc_align_center sc_item_title_style_default sc_item_title_tag\"><span class=\"sc_item_title_text\">Fale conosco<\/span><\/h2><div class=\"sc_item_descr sc_title_descr sc_align_center\"><p>Some description text for this item<\/p>\n<\/div><\/div><!-- \/.sc_title -->\t\t<\/div>\n\t\t\t\t<\/div>\n\t\t\t\t<div class=\"elementor-element elementor-element-5e0de58 sc_fly_static elementor-widget elementor-widget-spacer\" data-id=\"5e0de58\" data-element_type=\"widget\" data-widget_type=\"spacer.default\">\n\t\t\t\t<div class=\"elementor-widget-container\">\n\t\t\t\t\t<div class=\"elementor-spacer\">\n\t\t\t<div class=\"elementor-spacer-inner\"><\/div>\n\t\t<\/div>\n\t\t\t\t<\/div>\n\t\t\t\t<\/div>\n\t\t\t\t<div class=\"elementor-element elementor-element-5cd7568 sc_fly_static elementor-widget elementor-widget-trx_sc_googlemap\" data-id=\"5cd7568\" data-element_type=\"widget\" data-widget_type=\"trx_sc_googlemap.default\">\n\t\t\t\t<div class=\"elementor-widget-container\">\n\t\t\t<div id=\"trx_sc_googlemap_2037682734_wrap\" class=\"sc_googlemap_wrap\"><div id=\"trx_sc_googlemap_2037682734\"\n\t\t\tclass=\"sc_googlemap sc_googlemap_default trx_addons_inline_1621394641\"\n\t\t\t\t\t\tdata-zoom=\"15\"\n\t\t\tdata-center=\"\"\n\t\t\tdata-style=\"default\"\n\t\t\tdata-cluster-icon=\"\"\n\t\t\t><iframe\n\t\t\t\t\t\tsrc=\"https:\/\/maps.google.com\/maps?t=m&output=embed&iwloc=near&z=15&q=Rua+Miguel+Braga%2C+290+-+Vila+Guilhermina\"\n\t\t\t\t\t\tscrolling=\"no\"\n\t\t\t\t\t\tmarginheight=\"0\"\n\t\t\t\t\t\tmarginwidth=\"0\"\n\t\t\t\t\t\tframeborder=\"0\"\n\t\t\t\t\t\taria-label=\"\"><\/iframe><\/div><\/div><!-- \/.sc_googlemap_wrap -->\t\t<\/div>\n\t\t\t\t<\/div>\n\t\t\t\t\t<\/div>\n\t\t<\/div>\n\t\t\t\t\t\t\t<\/div>\n\t\t<\/section>\n\t\t\t\t<section class=\"has_eae_slider elementor-section elementor-top-section elementor-element elementor-element-e144e8a elementor-section-boxed elementor-section-height-default elementor-section-height-default\" data-id=\"e144e8a\" data-element_type=\"section\" data-settings=\"{&quot;_ha_eqh_enable&quot;:false}\">\n\t\t\t\t\t\t<div class=\"elementor-container elementor-column-gap-extended\">\n\t\t\t\t\t<div class=\"has_eae_slider elementor-column elementor-col-100 elementor-top-column elementor-element elementor-element-0b59997 sc_layouts_column_icons_position_left\" data-id=\"0b59997\" data-element_type=\"column\">\n\t\t\t<div class=\"elementor-widget-wrap elementor-element-populated\">\n\t\t\t\t\t\t\t\t<div class=\"elementor-element elementor-element-1129166 sc_fly_static elementor-widget elementor-widget-spacer\" data-id=\"1129166\" data-element_type=\"widget\" data-widget_type=\"spacer.default\">\n\t\t\t\t<div class=\"elementor-widget-container\">\n\t\t\t\t\t<div class=\"elementor-spacer\">\n\t\t\t<div class=\"elementor-spacer-inner\"><\/div>\n\t\t<\/div>\n\t\t\t\t<\/div>\n\t\t\t\t<\/div>\n\t\t\t\t\t<\/div>\n\t\t<\/div>\n\t\t\t\t\t\t\t<\/div>\n\t\t<\/section>\n\t\t\t\t<section class=\"has_eae_slider elementor-section elementor-top-section elementor-element elementor-element-552f375 elementor-section-boxed elementor-section-height-default elementor-section-height-default\" data-id=\"552f375\" data-element_type=\"section\" data-settings=\"{&quot;_ha_eqh_enable&quot;:false}\">\n\t\t\t\t\t\t<div class=\"elementor-container elementor-column-gap-extended\">\n\t\t\t\t\t<div class=\"has_eae_slider elementor-column elementor-col-100 elementor-top-column elementor-element elementor-element-99a73b8 sc_layouts_column_icons_position_left\" data-id=\"99a73b8\" data-element_type=\"column\">\n\t\t\t<div class=\"elementor-widget-wrap elementor-element-populated\">\n\t\t\t\t\t\t\t\t<div class=\"elementor-element elementor-element-04699a8 sc_fly_static elementor-widget elementor-widget-trx_sc_icons\" data-id=\"04699a8\" data-element_type=\"widget\" data-widget_type=\"trx_sc_icons.default\">\n\t\t\t\t<div class=\"elementor-widget-container\">\n\t\t\t<div id=\"trx_sc_icons_1276601571\" \n\tclass=\"sc_icons sc_icons_default sc_icons_size_small sc_align_center\"><div class=\"sc_icons_columns_wrap sc_item_columns trx_addons_columns_wrap columns_padding_bottom\"><div class=\"trx_addons_column-1_4\"><div class=\"sc_icons_item sc_icons_item_linked\"><div class=\"sc_icons_icon sc_icon_type_ icon-020_telephone\"><span class=\"sc_icon_type_ icon-020_telephone\"><\/span><\/div><div class=\"sc_icons_item_details\"><div class=\"sc_icons_item_description\"><span><a href=\"tel:38991971095\">(38) 99197 1095<\/a><\/span><span><a href=\"tel:38997257044\">(38) 99725 7044<\/a><\/span><\/div><a href=\"https:\/\/wa.me\/5538997257044\"\n\t\t\t\t\t\tclass=\"sc_icons_item_link\"><\/a><\/div><\/div><\/div><div class=\"trx_addons_column-1_4\"><div class=\"sc_icons_item\"><div class=\"sc_icons_icon sc_icon_type_ icon-placeholder\"><span class=\"sc_icon_type_ icon-placeholder\"><\/span><\/div><div class=\"sc_icons_item_details\"><div class=\"sc_icons_item_description\"><span>Rua Miguel Braga, 290<\/span><span>Bairro Vila Guilhermina<\/span><span>Montes Claros MG<\/span><\/div><\/div><\/div><\/div><div class=\"trx_addons_column-1_4\"><div class=\"sc_icons_item\"><div class=\"sc_icons_icon sc_icon_type_ icon-placeholder\"><span class=\"sc_icon_type_ icon-placeholder\"><\/span><\/div><div class=\"sc_icons_item_details\"><div class=\"sc_icons_item_description\"><span>Av. Cula mangabeira, 537,  lj2<\/span><span>Bairro Santo Expedito<\/span><span>Montes Claros MG<\/span><\/div><\/div><\/div><\/div><div class=\"trx_addons_column-1_4\"><div class=\"sc_icons_item\"><div class=\"sc_icons_icon sc_icon_type_ icon-019_chat\"><span class=\"sc_icon_type_ icon-019_chat\"><\/span><\/div><div class=\"sc_icons_item_details\"><div class=\"sc_icons_item_description\"><span><a href=\"mailto:bc.solucoeseducacionaia@gmail.com\">bc.solucoeseducacionaia@gmail.com<\/a><\/span><\/div><\/div><\/div><\/div><\/div><\/div><!-- \/.sc_icons -->\t\t<\/div>\n\t\t\t\t<\/div>\n\t\t\t\t\t<\/div>\n\t\t<\/div>\n\t\t\t\t\t\t\t<\/div>\n\t\t<\/section>\n\t\t\t\t<section class=\"has_eae_slider elementor-section elementor-top-section elementor-element elementor-element-a580552 elementor-section-boxed elementor-section-height-default elementor-section-height-default\" data-id=\"a580552\" data-element_type=\"section\" data-settings=\"{&quot;_ha_eqh_enable&quot;:false}\">\n\t\t\t\t\t\t<div class=\"elementor-container elementor-column-gap-extended\">\n\t\t\t\t\t<div class=\"has_eae_slider elementor-column elementor-col-100 elementor-top-column elementor-element elementor-element-0f9b775 sc_layouts_column_icons_position_left\" data-id=\"0f9b775\" data-element_type=\"column\">\n\t\t\t<div class=\"elementor-widget-wrap elementor-element-populated\">\n\t\t\t\t\t\t\t\t<div class=\"elementor-element elementor-element-546c415 sc_fly_static elementor-widget elementor-widget-spacer\" data-id=\"546c415\" data-element_type=\"widget\" data-widget_type=\"spacer.default\">\n\t\t\t\t<div class=\"elementor-widget-container\">\n\t\t\t\t\t<div class=\"elementor-spacer\">\n\t\t\t<div class=\"elementor-spacer-inner\"><\/div>\n\t\t<\/div>\n\t\t\t\t<\/div>\n\t\t\t\t<\/div>\n\t\t\t\t\t<\/div>\n\t\t<\/div>\n\t\t\t\t\t\t\t<\/div>\n\t\t<\/section>\n\t\t\t\t<section class=\"has_eae_slider elementor-section elementor-top-section elementor-element elementor-element-6fbbd8e elementor-section-stretched scheme_dark elementor-section-boxed elementor-section-height-default elementor-section-height-default\" data-id=\"6fbbd8e\" data-element_type=\"section\" data-settings=\"{&quot;stretch_section&quot;:&quot;section-stretched&quot;,&quot;background_background&quot;:&quot;classic&quot;,&quot;_ha_eqh_enable&quot;:false}\">\n\t\t\t\t\t\t<div class=\"elementor-container elementor-column-gap-extended\">\n\t\t\t\t\t<div class=\"has_eae_slider elementor-column elementor-col-16 elementor-top-column elementor-element elementor-element-5aa150d sc_layouts_column_icons_position_left\" data-id=\"5aa150d\" data-element_type=\"column\">\n\t\t\t<div class=\"elementor-widget-wrap\">\n\t\t\t\t\t\t\t\t\t<\/div>\n\t\t<\/div>\n\t\t\t\t<div class=\"has_eae_slider elementor-column elementor-col-66 elementor-top-column elementor-element elementor-element-9b534fe sc_layouts_column_icons_position_left\" data-id=\"9b534fe\" data-element_type=\"column\">\n\t\t\t<div class=\"elementor-widget-wrap elementor-element-populated\">\n\t\t\t\t\t\t\t\t<div class=\"elementor-element elementor-element-4c53fb5 sc_fly_static elementor-widget elementor-widget-trx_sc_title\" data-id=\"4c53fb5\" data-element_type=\"widget\" data-widget_type=\"trx_sc_title.default\">\n\t\t\t\t<div class=\"elementor-widget-container\">\n\t\t\t<div id=\"trx_sc_title_1219870977\"\n\t\tclass=\"sc_title sc_title_default\"><span class=\"sc_item_subtitle sc_title_subtitle sc_align_center sc_item_subtitle_above sc_item_title_style_default\">Quer falar conosco?<\/span><h2 class=\"sc_item_title sc_title_title sc_align_center sc_item_title_style_default sc_item_title_tag\"><span class=\"sc_item_title_text\">Envie uma mensagem<\/span><\/h2><div class=\"sc_item_descr sc_title_descr sc_align_center\"><p>Some description text for this item<\/p>\n<\/div><\/div><!-- \/.sc_title -->\t\t<\/div>\n\t\t\t\t<\/div>\n\t\t\t\t<div class=\"elementor-element elementor-element-502733b sc_fly_static elementor-widget elementor-widget-spacer\" data-id=\"502733b\" data-element_type=\"widget\" data-widget_type=\"spacer.default\">\n\t\t\t\t<div class=\"elementor-widget-container\">\n\t\t\t\t\t<div class=\"elementor-spacer\">\n\t\t\t<div class=\"elementor-spacer-inner\"><\/div>\n\t\t<\/div>\n\t\t\t\t<\/div>\n\t\t\t\t<\/div>\n\t\t\t\t<div class=\"elementor-element elementor-element-b40857c sc_fly_static elementor-widget elementor-widget-text-editor\" data-id=\"b40857c\" data-element_type=\"widget\" data-widget_type=\"text-editor.default\">\n\t\t\t\t<div class=\"elementor-widget-container\">\n\t\t\t\t\t\t\t<p>\n<div class=\"wpcf7 no-js\" id=\"wpcf7-f42-o1\" lang=\"en-US\" dir=\"ltr\">\n<div class=\"screen-reader-response\"><p role=\"status\" aria-live=\"polite\" aria-atomic=\"true\"><\/p> <ul><\/ul><\/div>\n<form action=\"\/site\/wp-json\/wp\/v2\/pages\/210#wpcf7-f42-o1\" method=\"post\" class=\"wpcf7-form init\" aria-label=\"Contact form\" novalidate=\"novalidate\" data-status=\"init\">\n<div style=\"display: none;\">\n<input type=\"hidden\" name=\"_wpcf7\" value=\"42\" \/>\n<input type=\"hidden\" name=\"_wpcf7_version\" value=\"5.8.4\" \/>\n<input type=\"hidden\" name=\"_wpcf7_locale\" value=\"en_US\" \/>\n<input type=\"hidden\" name=\"_wpcf7_unit_tag\" value=\"wpcf7-f42-o1\" \/>\n<input type=\"hidden\" name=\"_wpcf7_container_post\" value=\"0\" \/>\n<input type=\"hidden\" name=\"_wpcf7_posted_data_hash\" value=\"\" \/>\n<\/div>\n<style>\n  \/* Responsividade para telas menores *\/\n  @media only screen and (max-width: 768px) {\n    .elementor-column.elementor-col-50,\n    .elementor-column.elementor-col-70,\n    .elementor-column.elementor-col-30,\n    .elementor-column.elementor-col-100 {\n      width: 100%;\n    }\n    .elementor-column-wrap {\n      margin-bottom: 15px;\n    }\n  }\n\n  \/* Centraliza o bot\u00e3o de envio em telas menores *\/\n  @media only screen and (max-width: 480px) {\n    .text-right {\n      text-align: center;\n    }\n  }\n<\/style>\n\n<div class=\"elementor-column-gap-extended\">\n  <div class=\"elementor-row\">\n    <div class=\"elementor-column elementor-col-100\">\n      <div class=\"elementor-column-wrap elementor-element-populated text-center\">\n        <h2 style=\"color: #FF7A00; font-family: 'Poppins', sans-serif; font-size: 36px; text-align: center;\">\n        AGENDE J\u00c1 UMA AULA EXPERIMENTAL\n        <\/h2>\n      <\/div>\n    <\/div>\n  <\/div>\n<\/div>\n\n<div class=\"elementor-column-gap-extended\">\n  <div class=\"elementor-row\">\n    <div class=\"elementor-column elementor-col-50\">\n      <div class=\"elementor-column-wrap elementor-element-populated\">\n        <span class=\"wpcf7-form-control-wrap\" data-name=\"your-name\"><input size=\"40\" class=\"wpcf7-form-control wpcf7-text wpcf7-validates-as-required\" aria-required=\"true\" aria-invalid=\"false\" placeholder=\"Nome da crian\u00e7a:\" value=\"\" type=\"text\" name=\"your-name\" \/><\/span>\n      <\/div>\n    <\/div>\n    <div class=\"elementor-column elementor-col-50\">\n      <div class=\"elementor-column-wrap elementor-element-populated\">\n        <span class=\"wpcf7-form-control-wrap\" data-name=\"tel-243\"><input size=\"40\" class=\"wpcf7-form-control wpcf7-tel wpcf7-validates-as-required wpcf7-text wpcf7-validates-as-tel\" aria-required=\"true\" aria-invalid=\"false\" placeholder=\"Telefone para contato\" value=\"\" type=\"tel\" name=\"tel-243\" \/><\/span>\n      <\/div>\n    <\/div>\n  <\/div>\n<\/div>\n\n<div class=\"elementor-column-gap-extended\">\n  <div class=\"elementor-row\">\n    <div class=\"elementor-column elementor-col-50\">\n      <div class=\"elementor-column-wrap elementor-element-populated\">\n        <span class=\"wpcf7-form-control-wrap\" data-name=\"age\"><input class=\"wpcf7-form-control wpcf7-number wpcf7-validates-as-required wpcf7-validates-as-number\" aria-required=\"true\" aria-invalid=\"false\" placeholder=\"Idade da crian\u00e7a:\" value=\"\" type=\"number\" name=\"age\" \/><\/span>\n      <\/div>\n    <\/div>\n    <div class=\"elementor-column elementor-col-50\">\n      <div class=\"elementor-column-wrap elementor-element-populated\">\n        <span class=\"wpcf7-form-control-wrap\" data-name=\"course-option\"><select class=\"wpcf7-form-control wpcf7-select wpcf7-validates-as-required\" aria-required=\"true\" aria-invalid=\"false\" name=\"course-option\"><option value=\"\">Escolha o tipo de curso<\/option><option value=\"Prepara\u00e7\u00e3o focada para a olimp\u00edada\">Prepara\u00e7\u00e3o focada para a olimp\u00edada<\/option><option value=\"Curso completo\">Curso completo<\/option><option value=\"Curso infantil\">Curso infantil<\/option><\/select><\/span>\n      <\/div>\n    <\/div>\n  <\/div>\n<\/div>\n\n<div class=\"elementor-column-gap-extended\">\n  <div class=\"elementor-row\">\n    <div class=\"elementor-column elementor-col-70\">\n      <div class=\"elementor-column-wrap elementor-element-populated\">\n        <div class=\"text-left\">\n          <span class=\"wpcf7-form-control-wrap\" data-name=\"acceptance-486\"><span class=\"wpcf7-form-control wpcf7-acceptance\"><span class=\"wpcf7-list-item\"><label><input type=\"checkbox\" name=\"acceptance-486\" value=\"1\" aria-invalid=\"false\" \/><span class=\"wpcf7-list-item-label\">Estou ciente de que meus dados ser\u00e3o armazenados apenas para fins de contato.<\/span><\/label><\/span><\/span><\/span>\n        <\/div>\n      <\/div>\n    <\/div>\n    <div class=\"elementor-column elementor-col-30\">\n      <div class=\"elementor-column-wrap elementor-element-populated text-right\">\n        <input class=\"wpcf7-form-control wpcf7-submit has-spinner\" type=\"submit\" value=\"Enviar\" \/>\n      <\/div>\n    <\/div>\n  <\/div>\n<\/div><div class=\"wpcf7-response-output\" aria-hidden=\"true\"><\/div>\n<\/form>\n<\/div>\n<\/p>\t\t\t\t\t\t<\/div>\n\t\t\t\t<\/div>\n\t\t\t\t\t<\/div>\n\t\t<\/div>\n\t\t\t\t<div class=\"has_eae_slider elementor-column elementor-col-16 elementor-top-column elementor-element elementor-element-7e4a888 sc_layouts_column_icons_position_left\" data-id=\"7e4a888\" data-element_type=\"column\">\n\t\t\t<div class=\"elementor-widget-wrap\">\n\t\t\t\t\t\t\t\t\t<\/div>\n\t\t<\/div>\n\t\t\t\t\t\t\t<\/div>\n\t\t<\/section>\n\t\t\t\t\t\t\t<\/div>\n\t\t","protected":false},"excerpt":{"rendered":"<p>D\u00favidas? Sugest\u00f5es? Fale conosco Some description text for this item (38) 99197 1095(38) 99725 7044Rua Miguel Braga, 290Bairro Vila GuilherminaMontes&hellip;<\/p>\n","protected":false},"author":1,"featured_media":0,"parent":0,"menu_order":0,"comment_status":"closed","ping_status":"closed","template":"","meta":{"footnotes":"","_joinchat":[]},"_links":{"self":[{"href":"https:\/\/bceduca.com.br\/site\/wp-json\/wp\/v2\/pages\/210"}],"collection":[{"href":"https:\/\/bceduca.com.br\/site\/wp-json\/wp\/v2\/pages"}],"about":[{"href":"https:\/\/bceduca.com.br\/site\/wp-json\/wp\/v2\/types\/page"}],"author":[{"embeddable":true,"href":"https:\/\/bceduca.com.br\/site\/wp-json\/wp\/v2\/users\/1"}],"replies":[{"embeddable":true,"href":"https:\/\/bceduca.com.br\/site\/wp-json\/wp\/v2\/comments?post=210"}],"version-history":[{"count":25,"href":"https:\/\/bceduca.com.br\/site\/wp-json\/wp\/v2\/pages\/210\/revisions"}],"predecessor-version":[{"id":3520,"href":"https:\/\/bceduca.com.br\/site\/wp-json\/wp\/v2\/pages\/210\/revisions\/3520"}],"wp:attachment":[{"href":"https:\/\/bceduca.com.br\/site\/wp-json\/wp\/v2\/media?parent=210"}],"curies":[{"name":"wp","href":"https:\/\/api.w.org\/{rel}","templated":true}]}}